{"id":31205,"date":"2024-11-19T08:55:56","date_gmt":"2024-11-19T08:55:56","guid":{"rendered":"https:\/\/store.technoriunite.it\/?post_type=product&#038;p=31205"},"modified":"2025-01-27T13:05:00","modified_gmt":"2025-01-27T13:05:00","slug":"raimondi-raizor-plus","status":"publish","type":"product","link":"https:\/\/store.technoriunite.it\/en\/prodotto\/raimondi-raizor-plus\/","title":{"rendered":"Raimondi Raizor Plus"},"content":{"rendered":"<ul class=\"a-unordered-list a-vertical a-spacing-mini\">\n<li class=\"a-spacing-mini\"><span class=\"a-list-item\">Raizor MK2 &#8211; Tagliapiastrelle \u2013 sistema a binario per grandi formati | successivo modello della guida di taglio Raizor<\/span><\/li>\n<li class=\"a-spacing-mini\"><span class=\"a-list-item\">Binario e accessori sono riposti e protetti in modo sicuro. Scomparti regolabili con sistema in velcro.<\/span><\/li>\n<li class=\"a-spacing-mini\"><span class=\"a-list-item\">Semplice sistema a incastro dei binari | Per tagli lunghi i binari possono essere collegati. Fino a una lunghezza di taglio totale di 336 cm<\/span><\/li>\n<li class=\"a-spacing-mini\"><span class=\"a-list-item\">Il profilo di guida di nuova costruzione \u00e8 collegato al sistema a incastro facile da maneggiare in modo stabile e preciso<\/span><\/li>\n<li class=\"a-spacing-mini\"><span class=\"a-list-item\">Incisione: la rottura delle piastrelle avviene mediante un carrello in alluminio con cuscinetti a sfera con dispositivo di regolazione. Guida rotonda facile e estremamente precisa<\/span><\/li>\n<li class=\"a-spacing-mini\"><span class=\"a-list-item\">Stabilit\u00e0: le ventose integrate nel binario garantiscono la massima stabilit\u00e0. Non si attacca pi\u00f9 \u2013 la guida \u00e8 immediatamente libera dopo la rimozione<\/span><\/li>\n<li class=\"a-spacing-mini\"><span class=\"a-list-item\">INCLUSA PINZA FRANCIATA: pinza per rompere le piastrelle incagliate. Pratico ed ergonomico. Una vite di arresto, regolabile in base allo spessore delle piastrelle, limita la leva e protegge dalla rottura<\/span><\/li>\n<\/ul>\n<div class=\"a-row a-expander-container a-expander-inline-container\">\n<div class=\"a-expander-content a-expander-extend-content a-expander-content-expanded\" data-expanded=\"true\">\n<ul class=\"a-unordered-list a-vertical a-spacing-none\">\n<li class=\"a-spacing-mini\"><span class=\"a-list-item\">Compatto e facile da trasportare<\/span><\/li>\n<li class=\"a-spacing-mini\"><span class=\"a-list-item\">La borsa per il trasporto con tracolla facilita il trasporto di tutta l&#8217;attrezzatura. Peso complessivo: solo 8 kg<\/span><\/li>\n<li class=\"a-spacing-mini\"><span class=\"a-list-item\">Con borsa per il trasporto<\/span><\/li>\n<\/ul>\n<\/div>\n<\/div>\n","protected":false},"excerpt":{"rendered":"<p>Corredata di pinza per troncatura PREMIUM per piastrelle di spessori da 3 a 15 mm<br \/>\nGruppo incisore a doppia rotaia ed elemento incisore a perno<br \/>\nGuida di taglio per lastre di grande formato<\/p>\n","protected":false},"featured_media":31206,"template":"","meta":{"_acf_changed":false},"product_cat":[755,56],"product_tag":[],"acf":[],"jetpack_sharing_enabled":true,"_links":{"self":[{"href":"https:\/\/store.technoriunite.it\/en\/wp-json\/wp\/v2\/product\/31205"}],"collection":[{"href":"https:\/\/store.technoriunite.it\/en\/wp-json\/wp\/v2\/product"}],"about":[{"href":"https:\/\/store.technoriunite.it\/en\/wp-json\/wp\/v2\/types\/product"}],"version-history":[{"count":1,"href":"https:\/\/store.technoriunite.it\/en\/wp-json\/wp\/v2\/product\/31205\/revisions"}],"predecessor-version":[{"id":31210,"href":"https:\/\/store.technoriunite.it\/en\/wp-json\/wp\/v2\/product\/31205\/revisions\/31210"}],"wp:featuredmedia":[{"embeddable":true,"href":"https:\/\/store.technoriunite.it\/en\/wp-json\/wp\/v2\/media\/31206"}],"wp:attachment":[{"href":"https:\/\/store.technoriunite.it\/en\/wp-json\/wp\/v2\/media?parent=31205"}],"wp:term":[{"taxonomy":"product_cat","embeddable":true,"href":"https:\/\/store.technoriunite.it\/en\/wp-json\/wp\/v2\/product_cat?post=31205"},{"taxonomy":"product_tag","embeddable":true,"href":"https:\/\/store.technoriunite.it\/en\/wp-json\/wp\/v2\/product_tag?post=31205"}],"curies":[{"name":"wp","href":"https:\/\/api.w.org\/{rel}","templated":true}]}}