{"id":31169,"date":"2024-11-18T10:47:22","date_gmt":"2024-11-18T10:47:22","guid":{"rendered":"https:\/\/store.technoriunite.it\/?post_type=product&#038;p=31169"},"modified":"2025-11-03T13:51:07","modified_gmt":"2025-11-03T13:51:07","slug":"progress-profiles-prodeso-eco-stick-membrana-30mt","status":"publish","type":"product","link":"https:\/\/store.technoriunite.it\/en\/prodotto\/progress-profiles-prodeso-eco-stick-membrana-30mt\/","title":{"rendered":"Progress Profiles Prodeso Eco stick Membrana 30mt"},"content":{"rendered":"<p><span>Progress Profiles Prodeso Eco Stick Decoupling Membrane \u00e8 una versione autoadesiva della\u00a0<\/span><span>Progress Profiles Prodeso Eco Decoupling Membrane<\/span><span>\u00a0, progettata per un&#8217;installazione pi\u00f9 rapida e semplice. Questa membrana \u00e8 una membrana drenante e disaccoppiante da 4 mm di spessore progettata per proteggere le superfici piastrellate dai problemi del substrato sottostante, come crepe e movimenti. Pu\u00f2 essere installata su massetti cementizi lisci, vecchi pavimenti in ceramica e pietra naturale, massetti verdi e substrati in legno. \u00c8 molto resistente alle soluzioni saline, agli acidi e agli alcali, all&#8217;alcool e agli oli.<\/span><\/p>\n<p><span>La membrana disaccoppiante Prodeso Eco Stick di Progress Profiles \u00e8 fornita in rotoli da 30 m x 1 m.<\/span><\/p>\n<p><span>La membrana di disaccoppiamento Prodeso Eco Stick di Progress Profiles \u00e8 realizzata in polietilene ad alta densit\u00e0 e presenta una struttura a griglia di cavit\u00e0 quadrate, ciascuna tagliata in una configurazione a coda di rondine per fornire un fissaggio meccanico sicuro alle piastrelle sovrastanti con l&#8217;adesivo per piastrelle. Sul lato posteriore \u00e8 ricoperta da un tessuto non tessuto in polipropilene termosaldato che incorpora uno strato di adesivo sensibile alla pressione che si lega saldamente al substrato sottostante una volta applicata la pressione.<\/span><\/p>\n<p><span>La membrana disaccoppiante Prodeso Eco Stick di Progress Profiles \u00e8 progettata per neutralizzare qualsiasi movimento differenziale che si verifica tra il substrato sottostante e lo strato di pavimentazione superiore, prevenendo crepe e delaminazioni. Ci\u00f2 rende la membrana adatta alla posa di piastrelle su substrati problematici come legno e massetti screpolati.<\/span><\/p>\n","protected":false},"excerpt":{"rendered":"<p>Progettata per proteggere le superfici piastrellate dai problemi del substrato sottostante<br \/>\nSpessore totale: 3,5 mm<br \/>\nRotolo: 30mt<\/p>\n","protected":false},"featured_media":31172,"template":"","meta":{"_acf_changed":false},"product_cat":[813],"product_tag":[],"acf":[],"jetpack_sharing_enabled":true,"_links":{"self":[{"href":"https:\/\/store.technoriunite.it\/en\/wp-json\/wp\/v2\/product\/31169"}],"collection":[{"href":"https:\/\/store.technoriunite.it\/en\/wp-json\/wp\/v2\/product"}],"about":[{"href":"https:\/\/store.technoriunite.it\/en\/wp-json\/wp\/v2\/types\/product"}],"version-history":[{"count":1,"href":"https:\/\/store.technoriunite.it\/en\/wp-json\/wp\/v2\/product\/31169\/revisions"}],"predecessor-version":[{"id":31174,"href":"https:\/\/store.technoriunite.it\/en\/wp-json\/wp\/v2\/product\/31169\/revisions\/31174"}],"wp:featuredmedia":[{"embeddable":true,"href":"https:\/\/store.technoriunite.it\/en\/wp-json\/wp\/v2\/media\/31172"}],"wp:attachment":[{"href":"https:\/\/store.technoriunite.it\/en\/wp-json\/wp\/v2\/media?parent=31169"}],"wp:term":[{"taxonomy":"product_cat","embeddable":true,"href":"https:\/\/store.technoriunite.it\/en\/wp-json\/wp\/v2\/product_cat?post=31169"},{"taxonomy":"product_tag","embeddable":true,"href":"https:\/\/store.technoriunite.it\/en\/wp-json\/wp\/v2\/product_tag?post=31169"}],"curies":[{"name":"wp","href":"https:\/\/api.w.org\/{rel}","templated":true}]}}