{"id":30691,"date":"2024-10-18T10:26:11","date_gmt":"2024-10-18T10:26:11","guid":{"rendered":"https:\/\/store.technoriunite.it\/?post_type=product&#038;p=30691"},"modified":"2025-01-27T19:27:24","modified_gmt":"2025-01-27T19:27:24","slug":"montolit-goal-evo","status":"publish","type":"product","link":"https:\/\/store.technoriunite.it\/en\/prodotto\/montolit-goal-evo\/","title":{"rendered":"Montolit Goal Evo"},"content":{"rendered":"<p>Il carrello GOAL EVO nasce dalla necessit\u00e0 di spostare le lastre di gres porcellanato nei luoghi di posa.<br \/>\nGOAL EVO \u00e8 pieghevole cos\u00ec da essere poco ingombrante in fase di trasporto e stoccaggio, grazie alle 4 rotelle piroettanti in gomma morbida la direzionabilit\u00e0 \u00e8 ottima cos\u00ec come la stabilit\u00e0. Le due rotelle dotate di freno consentono di fermare il carrello in posizione desiderata.<br \/>\nGOAL EVO pu\u00f2 trasportare lastre fino ad un peso massimo di 260 Kg in totale sicurezza, i punti di contatto tra materiale e carrello sono in materiali come legno e spugna cos\u00ec da evitare scheggiature e scivolamento.<\/p>\n<p>I quattro ganci posti nella parte superiore del carrello servono a sorreggere il telaio SUPERLIFT a due differenti altezze agevolando cos\u00ec la spalmatura della colla e creando continuit\u00e0 di movimento tra la fase di sollevamento della lastra e quella di posa.<\/p>\n","protected":false},"excerpt":{"rendered":"<p>Trasporta fino a 260 Kg<br \/>\nCompleta di 4 rotelle piroettanti in gomma morbida<br \/>\nPieghevole<\/p>\n","protected":false},"featured_media":30698,"template":"","meta":{"_acf_changed":false},"product_cat":[132,141],"product_tag":[],"acf":[],"jetpack_sharing_enabled":true,"_links":{"self":[{"href":"https:\/\/store.technoriunite.it\/en\/wp-json\/wp\/v2\/product\/30691"}],"collection":[{"href":"https:\/\/store.technoriunite.it\/en\/wp-json\/wp\/v2\/product"}],"about":[{"href":"https:\/\/store.technoriunite.it\/en\/wp-json\/wp\/v2\/types\/product"}],"version-history":[{"count":2,"href":"https:\/\/store.technoriunite.it\/en\/wp-json\/wp\/v2\/product\/30691\/revisions"}],"predecessor-version":[{"id":30702,"href":"https:\/\/store.technoriunite.it\/en\/wp-json\/wp\/v2\/product\/30691\/revisions\/30702"}],"wp:featuredmedia":[{"embeddable":true,"href":"https:\/\/store.technoriunite.it\/en\/wp-json\/wp\/v2\/media\/30698"}],"wp:attachment":[{"href":"https:\/\/store.technoriunite.it\/en\/wp-json\/wp\/v2\/media?parent=30691"}],"wp:term":[{"taxonomy":"product_cat","embeddable":true,"href":"https:\/\/store.technoriunite.it\/en\/wp-json\/wp\/v2\/product_cat?post=30691"},{"taxonomy":"product_tag","embeddable":true,"href":"https:\/\/store.technoriunite.it\/en\/wp-json\/wp\/v2\/product_tag?post=30691"}],"curies":[{"name":"wp","href":"https:\/\/api.w.org\/{rel}","templated":true}]}}