{"id":30683,"date":"2024-10-18T09:50:48","date_gmt":"2024-10-18T09:50:48","guid":{"rendered":"https:\/\/store.technoriunite.it\/?post_type=product&#038;p=30683"},"modified":"2025-01-27T19:18:42","modified_gmt":"2025-01-27T19:18:42","slug":"montolit-moto-flash-line-2-sh","status":"publish","type":"product","link":"https:\/\/store.technoriunite.it\/en\/prodotto\/montolit-moto-flash-line-2-sh\/","title":{"rendered":"Montolit Unit\u00e0 motore Moto per Flash Line 2"},"content":{"rendered":"<div class=\"et_pb_module et_pb_text et_pb_text_4 et_pb_text_align_left et_pb_bg_layout_light\">\n<div class=\"et_pb_text_inner\">\n<p>Questa nuova proposta presenta delle novit\u00e0 importanti riguardanti il corpo motore che dispone ora di pi\u00f9 corsa in altezza e permette il taglio di spessori fino a 40mm; il carrello guida \u00e8 stato totalmente ridisegnato per poter accogliere la nuova motorizzazione ed \u00e8 dotato di pattini di scorrimento in nylon per garantire una maggiore stabilit\u00e0 e precisione durante l\u2019esecuzione del taglio.<\/p>\n<\/div>\n<\/div>\n<div class=\"et_pb_module et_pb_toggle et_pb_toggle_0 et_pb_toggle_item et_pb_toggle_open\">\n<h5 class=\"et_pb_toggle_title\"><span style=\"color: #333333;\">Altro punto di forza \u00e8 il sistema di aspirazione (parte integrante della macchina) che, grazie all\u2019automatica regolazione della \u201cbocca\u201d garantisce assenza di polveri e detriti.<\/span><\/h5>\n<div class=\"et_pb_toggle_content clearfix\">\n<p>La macchina riunisce i pregi della tagliapastrelle manuale Flash line (facilit\u00e0 di trasporto, leggerezza, precisione e, soprattutto, sistema di bloccaggio anti sleep brevettato senza utilizzo di ventose) con l\u2019aggiunta di una testa motorizzata con disco diamantato professionale per ceramica.<\/p>\n<p>MOTO-FLASH 2 SH rappresenta la soluzione\u00a0<strong>\u201cNO LIMITS\u201d<\/strong>\u00a0per il taglio a secco di lastre in ceramica, gres porcellanato, marmo e granito con lunghezze fino ad oltre tre metri (340 cm) e spessori fino a 20 mm con disco diametro 150mm e fino a 40mm con disco diametro 190mm (optional).<\/p>\n<\/div>\n<\/div>\n","protected":false},"excerpt":{"rendered":"<p>Lunghezza massima di taglio: 340 cm<br \/>\nSpessore di taglio: 2 \u2013 2 cm<br \/>\nKW: 230\/1,6 (2,1HP)<\/p>\n","protected":false},"featured_media":30684,"template":"","meta":{"_acf_changed":false},"product_cat":[755,56],"product_tag":[],"acf":[],"jetpack_sharing_enabled":true,"_links":{"self":[{"href":"https:\/\/store.technoriunite.it\/en\/wp-json\/wp\/v2\/product\/30683"}],"collection":[{"href":"https:\/\/store.technoriunite.it\/en\/wp-json\/wp\/v2\/product"}],"about":[{"href":"https:\/\/store.technoriunite.it\/en\/wp-json\/wp\/v2\/types\/product"}],"version-history":[{"count":3,"href":"https:\/\/store.technoriunite.it\/en\/wp-json\/wp\/v2\/product\/30683\/revisions"}],"predecessor-version":[{"id":30721,"href":"https:\/\/store.technoriunite.it\/en\/wp-json\/wp\/v2\/product\/30683\/revisions\/30721"}],"wp:featuredmedia":[{"embeddable":true,"href":"https:\/\/store.technoriunite.it\/en\/wp-json\/wp\/v2\/media\/30684"}],"wp:attachment":[{"href":"https:\/\/store.technoriunite.it\/en\/wp-json\/wp\/v2\/media?parent=30683"}],"wp:term":[{"taxonomy":"product_cat","embeddable":true,"href":"https:\/\/store.technoriunite.it\/en\/wp-json\/wp\/v2\/product_cat?post=30683"},{"taxonomy":"product_tag","embeddable":true,"href":"https:\/\/store.technoriunite.it\/en\/wp-json\/wp\/v2\/product_tag?post=30683"}],"curies":[{"name":"wp","href":"https:\/\/api.w.org\/{rel}","templated":true}]}}