{"id":30185,"date":"2024-10-08T14:40:32","date_gmt":"2024-10-08T14:40:32","guid":{"rendered":"https:\/\/store.technoriunite.it\/?post_type=product&#038;p=30185"},"modified":"2025-01-27T13:06:34","modified_gmt":"2025-01-27T13:06:34","slug":"progress-profiles-prodeso-drain-system-25-mt","status":"publish","type":"product","link":"https:\/\/store.technoriunite.it\/en\/prodotto\/progress-profiles-prodeso-drain-system-25-mt\/","title":{"rendered":"Progress Profiles\u00a0Prodeso Drain 4 System 25 mt"},"content":{"rendered":"<p>PRODESO<br \/>\n\u00ae DRAIN SYSTEM \u00e8 una membrana innovativa brevettata di ultima generazione, che consente di drenare ed impermeabilizzare il massetto garantendo un corretto e rapido asciugamento dell\u2019adesivo sotto la piastrella, anche nel caso di grandi formati. La \u201ccamera d\u2019aria\u201d che viene a crearsi sotto la piastrella impedisce la risalita dei triacetati presenti negli adesivi, che altrimenti causerebbero la comparsa di efflorescenze nelle fughe. Il prodotto consiste di una lastra in polietilene ad alta densit\u00e0, provvista di cavit\u00e0 tronco piramidali a base semicircolare, alla quale<br \/>\nsuperiormente \u00e8 termosaldato un tessuto drenante e inferiormente un tessuto non tessuto \u00e8 incollato alla stessa. La grande innovazione, che consente di drenare e di impermeabilizzare con la stessa membrana, \u00e8 la bandella che sporge lateralmente resa adesiva con uno strato di butile. Nello specifico la bandella perimetrale \u00e8 adesiva per met\u00e0 altezza e quella frontale \u00e8 adesiva su tutta altezza. Le propriet\u00e0 desolidarizzanti e di sfogo vapore di PRODESO \u00ae DRAIN consentono la sua posa anche su supporti non perfettamente stagionati.<\/p>\n","protected":false},"excerpt":{"rendered":"<p>3 strati membrana<br \/>\nLunghezza spessore: 4 mm<br \/>\nParticolarmente indicata per posa di grandi formati sia all\u2019interno che all\u2019esterno<\/p>\n","protected":false},"featured_media":30190,"template":"","meta":{"_acf_changed":false},"product_cat":[813,784,751],"product_tag":[],"acf":[],"jetpack_sharing_enabled":true,"_links":{"self":[{"href":"https:\/\/store.technoriunite.it\/en\/wp-json\/wp\/v2\/product\/30185"}],"collection":[{"href":"https:\/\/store.technoriunite.it\/en\/wp-json\/wp\/v2\/product"}],"about":[{"href":"https:\/\/store.technoriunite.it\/en\/wp-json\/wp\/v2\/types\/product"}],"version-history":[{"count":2,"href":"https:\/\/store.technoriunite.it\/en\/wp-json\/wp\/v2\/product\/30185\/revisions"}],"predecessor-version":[{"id":30194,"href":"https:\/\/store.technoriunite.it\/en\/wp-json\/wp\/v2\/product\/30185\/revisions\/30194"}],"wp:featuredmedia":[{"embeddable":true,"href":"https:\/\/store.technoriunite.it\/en\/wp-json\/wp\/v2\/media\/30190"}],"wp:attachment":[{"href":"https:\/\/store.technoriunite.it\/en\/wp-json\/wp\/v2\/media?parent=30185"}],"wp:term":[{"taxonomy":"product_cat","embeddable":true,"href":"https:\/\/store.technoriunite.it\/en\/wp-json\/wp\/v2\/product_cat?post=30185"},{"taxonomy":"product_tag","embeddable":true,"href":"https:\/\/store.technoriunite.it\/en\/wp-json\/wp\/v2\/product_tag?post=30185"}],"curies":[{"name":"wp","href":"https:\/\/api.w.org\/{rel}","templated":true}]}}