{"id":27185,"date":"2024-09-17T15:31:11","date_gmt":"2024-09-17T15:31:11","guid":{"rendered":"https:\/\/store.technoriunite.it\/?post_type=product&#038;p=27185"},"modified":"2026-03-21T18:11:58","modified_gmt":"2026-03-21T18:11:58","slug":"battipav-sistema-movimentazione-compact-light-plus-2","status":"publish","type":"product","link":"https:\/\/store.technoriunite.it\/en\/prodotto\/battipav-sistema-movimentazione-compact-light-plus-2\/","title":{"rendered":"Battipav Compact Light Plus"},"content":{"rendered":"<div id=\"fws_6634be18bc41f\" class=\"wpb_row vc_row-fluid vc_row product-desc\" data-column-margin=\"default\" data-midnight=\"dark\">\n<div class=\"row_col_wrap_12 col span_12 dark left\">\n<div class=\"vc_col-sm-12 wpb_column column_container vc_column_container col no-extra-padding inherit_tablet inherit_phone \" data-padding-pos=\"all\" data-has-bg-color=\"false\" data-bg-color=\"\" data-bg-opacity=\"1\" data-animation=\"\" data-delay=\"0\">\n<div class=\"vc_column-inner\">\n<div class=\"wpb_wrapper\">\n<div id=\"fws_6634be18c1a36\" class=\"wpb_row vc_row-fluid vc_row inner_row desc\" data-midnight=\"\" data-column-margin=\"default\">\n<div class=\"row_col_wrap_12_inner col span_12 left\">\n<div class=\"vc_col-sm-12 wpb_column column_container vc_column_container col child_column no-extra-padding inherit_tablet inherit_phone \" data-padding-pos=\"all\" data-has-bg-color=\"false\" data-bg-color=\"\" data-bg-opacity=\"1\" data-animation=\"\" data-delay=\"0\">\n<div class=\"vc_column-inner\">\n<div class=\"wpb_wrapper\">\n<div class=\"wpb_text_column wpb_content_element \">\n<div class=\"wpb_wrapper\">\n<p><strong>PROFILO BARRE<\/strong><\/p>\n<\/div>\n<\/div>\n<\/div>\n<\/div>\n<\/div>\n<\/div>\n<\/div>\n<\/div>\n<\/div>\n<\/div>\n<\/div>\n<\/div>\n<div id=\"fws_6634be18c3567\" class=\"wpb_row vc_row-fluid vc_row product-details\" data-column-margin=\"default\" data-midnight=\"dark\">\n<div class=\"row_col_wrap_12 col span_12 dark left\">\n<div class=\"vc_col-sm-12 wpb_column column_container vc_column_container col no-extra-padding inherit_tablet inherit_phone \" data-padding-pos=\"all\" data-has-bg-color=\"false\" data-bg-color=\"\" data-bg-opacity=\"1\" data-animation=\"\" data-delay=\"0\">\n<div class=\"vc_column-inner\">\n<div class=\"wpb_wrapper\">\n<div id=\"fws_6634be18c4327\" class=\"wpb_row vc_row-fluid vc_row inner_row product-details-item\" data-midnight=\"\" data-column-margin=\"default\">\n<div class=\"row_col_wrap_12_inner col span_12 left\">\n<div class=\"vc_col-sm-9 wpb_column column_container vc_column_container col child_column no-extra-padding inherit_tablet inherit_phone \" data-padding-pos=\"all\" data-has-bg-color=\"false\" data-bg-color=\"\" data-bg-opacity=\"1\" data-animation=\"\" data-delay=\"0\">\n<div class=\"vc_column-inner\">\n<div class=\"wpb_wrapper\">\n<div class=\"wpb_text_column wpb_content_element \">\n<div class=\"wpb_wrapper\">\n<p>La struttura \u00e8 in alluminio per ottenere rigidit\u00e0. La sezione \u00e8 30x30mm, appositamente studiata per un perfetto equilibrio tra piastrella di grande formato.<\/p>\n<\/div>\n<\/div>\n<\/div>\n<\/div>\n<\/div>\n<\/div>\n<\/div>\n<div id=\"fws_6634be18c62e7\" class=\"wpb_row vc_row-fluid vc_row inner_row product-details-item\" data-midnight=\"\" data-column-margin=\"default\">\n<div class=\"row-bg-wrap\">\n<div class=\"row-bg\"><\/div>\n<\/div>\n<div class=\"row_col_wrap_12_inner col span_12 left\">\n<div class=\"vc_col-sm-3 wpb_column column_container vc_column_container col child_column no-extra-padding inherit_tablet inherit_phone \" data-padding-pos=\"all\" data-has-bg-color=\"false\" data-bg-color=\"\" data-bg-opacity=\"1\" data-animation=\"\" data-delay=\"0\">\n<div class=\"vc_column-inner\">\n<div class=\"wpb_wrapper\">\n<div class=\"img-with-aniamtion-wrap \" data-max-width=\"100%\">\n<div class=\"inner\"><a class=\"magnific-popup\" href=\"https:\/\/battipav.com\/wp-content\/uploads\/2024\/03\/11002-1_AgileLight_04-copia2-800x800.jpg\" data-cmp-ab=\"2\"><img fetchpriority=\"high\" decoding=\"async\" class=\"img-with-animation \" src=\"https:\/\/battipav.com\/wp-content\/uploads\/2024\/03\/11002-1_AgileLight_04-copia2-800x800.jpg\" alt=\"\" width=\"382\" height=\"382\" data-shadow=\"none\" data-shadow-direction=\"middle\" data-delay=\"0\" data-animation=\"none\" data-cmp-ab=\"2\" data-cmp-info=\"10\" \/><\/a><\/div>\n<\/div>\n<\/div>\n<\/div>\n<\/div>\n<div class=\"vc_col-sm-9 wpb_column column_container vc_column_container col child_column no-extra-padding inherit_tablet inherit_phone \" data-padding-pos=\"all\" data-has-bg-color=\"false\" data-bg-color=\"\" data-bg-opacity=\"1\" data-animation=\"\" data-delay=\"0\">\n<div class=\"vc_column-inner\">\n<div class=\"wpb_wrapper\">\n<div class=\"wpb_text_column wpb_content_element \">\n<div class=\"wpb_wrapper\">\n<h3>PRONTO ALL\u2019USO<\/h3>\n<p>Viene venduto gia\u0300 assemblato, quindi e\u0300 possibile utilizzarlo non appena viene consegnato.<\/p>\n<\/div>\n<\/div>\n<\/div>\n<\/div>\n<\/div>\n<\/div>\n<\/div>\n<div id=\"fws_6634be18c7d1d\" class=\"wpb_row vc_row-fluid vc_row inner_row product-details-item\" data-midnight=\"\" data-column-margin=\"default\">\n<div class=\"row-bg-wrap\">\n<div class=\"row-bg\"><\/div>\n<\/div>\n<div class=\"row_col_wrap_12_inner col span_12 left\">\n<div class=\"vc_col-sm-3 wpb_column column_container vc_column_container col child_column no-extra-padding inherit_tablet inherit_phone \" data-padding-pos=\"all\" data-has-bg-color=\"false\" data-bg-color=\"\" data-bg-opacity=\"1\" data-animation=\"\" data-delay=\"0\">\n<div class=\"vc_column-inner\">\n<div class=\"wpb_wrapper\">\n<div class=\"img-with-aniamtion-wrap \" data-max-width=\"100%\">\n<div class=\"inner\"><a class=\"magnific-popup\" href=\"https:\/\/battipav.com\/wp-content\/uploads\/2023\/01\/AGILE-LIGHT_det1-800x644.jpg\" data-cmp-ab=\"2\"><img decoding=\"async\" class=\"img-with-animation \" src=\"https:\/\/battipav.com\/wp-content\/uploads\/2023\/01\/AGILE-LIGHT_det1-800x644.jpg\" alt=\"\" width=\"400\" height=\"322\" data-shadow=\"none\" data-shadow-direction=\"middle\" data-delay=\"0\" data-animation=\"none\" data-cmp-ab=\"2\" data-cmp-info=\"10\" \/><\/a><\/div>\n<\/div>\n<\/div>\n<\/div>\n<\/div>\n<div class=\"vc_col-sm-9 wpb_column column_container vc_column_container col child_column no-extra-padding inherit_tablet inherit_phone \" data-padding-pos=\"all\" data-has-bg-color=\"false\" data-bg-color=\"\" data-bg-opacity=\"1\" data-animation=\"\" data-delay=\"0\">\n<div class=\"vc_column-inner\">\n<div class=\"wpb_wrapper\">\n<div class=\"wpb_text_column wpb_content_element \">\n<div class=\"wpb_wrapper\">\n<h3>VENTOSE PROFESSIONALI<\/h3>\n<p>Ventose professionali di alta qualit\u00e0 con indicatore di vuoto. Gomma resistente con design speciale, per una perfetta aderenza alle superfici ruvide.<\/p>\n<\/div>\n<\/div>\n<\/div>\n<\/div>\n<\/div>\n<\/div>\n<\/div>\n<div id=\"fws_6634be18ca4a5\" class=\"wpb_row vc_row-fluid vc_row inner_row product-details-item\" data-midnight=\"\" data-column-margin=\"default\">\n<div class=\"row-bg-wrap\">\n<div class=\"row-bg\"><\/div>\n<\/div>\n<div class=\"row_col_wrap_12_inner col span_12 left\">\n<div class=\"vc_col-sm-3 wpb_column column_container vc_column_container col child_column no-extra-padding inherit_tablet inherit_phone \" data-padding-pos=\"all\" data-has-bg-color=\"false\" data-bg-color=\"\" data-bg-opacity=\"1\" data-animation=\"\" data-delay=\"0\">\n<div class=\"vc_column-inner\">\n<div class=\"wpb_wrapper\">\n<div class=\"img-with-aniamtion-wrap \" data-max-width=\"100%\">\n<div class=\"inner\"><a class=\"magnific-popup\" href=\"https:\/\/battipav.com\/wp-content\/uploads\/2024\/03\/11002-1_AgileLight_04-copia-800x800.jpg\" data-cmp-ab=\"2\"><img decoding=\"async\" class=\"img-with-animation \" src=\"https:\/\/battipav.com\/wp-content\/uploads\/2024\/03\/11002-1_AgileLight_04-copia-800x800.jpg\" alt=\"\" width=\"418\" height=\"418\" data-shadow=\"none\" data-shadow-direction=\"middle\" data-delay=\"0\" data-animation=\"none\" data-cmp-ab=\"2\" data-cmp-info=\"10\" \/><\/a><\/div>\n<\/div>\n<\/div>\n<\/div>\n<\/div>\n<div class=\"vc_col-sm-9 wpb_column column_container vc_column_container col child_column no-extra-padding inherit_tablet inherit_phone \" data-padding-pos=\"all\" data-has-bg-color=\"false\" data-bg-color=\"\" data-bg-opacity=\"1\" data-animation=\"\" data-delay=\"0\">\n<div class=\"vc_column-inner\">\n<div class=\"wpb_wrapper\">\n<div class=\"wpb_text_column wpb_content_element \">\n<div class=\"wpb_wrapper\">\n<h3>BARRE<\/h3>\n<p>Meccanismo progettato ad hoc, con barre telescopiche dedicate.<\/p>\n<\/div>\n<\/div>\n<\/div>\n<\/div>\n<\/div>\n<\/div>\n<\/div>\n<div id=\"fws_6634be18cbf9f\" class=\"wpb_row vc_row-fluid vc_row inner_row product-details-item\" data-midnight=\"\" data-column-margin=\"default\">\n<div class=\"row-bg-wrap\">\n<div class=\"row-bg\"><\/div>\n<\/div>\n<div class=\"row_col_wrap_12_inner col span_12 left\">\n<div class=\"vc_col-sm-3 wpb_column column_container vc_column_container col child_column no-extra-padding inherit_tablet inherit_phone \" data-padding-pos=\"all\" data-has-bg-color=\"false\" data-bg-color=\"\" data-bg-opacity=\"1\" data-animation=\"\" data-delay=\"0\">\n<div class=\"vc_column-inner\">\n<div class=\"wpb_wrapper\">\n<div class=\"img-with-aniamtion-wrap \" data-max-width=\"100%\">\n<div class=\"inner\"><a class=\"magnific-popup\" href=\"https:\/\/battipav.com\/wp-content\/uploads\/2023\/01\/AGILE-LIGHT_det3-800x559.jpg\" data-cmp-ab=\"2\"><img loading=\"lazy\" decoding=\"async\" class=\"img-with-animation \" src=\"https:\/\/battipav.com\/wp-content\/uploads\/2023\/01\/AGILE-LIGHT_det3-800x559.jpg\" alt=\"\" width=\"453\" height=\"317\" data-shadow=\"none\" data-shadow-direction=\"middle\" data-delay=\"0\" data-animation=\"none\" data-cmp-ab=\"2\" data-cmp-info=\"10\" \/><\/a><\/div>\n<\/div>\n<\/div>\n<\/div>\n<\/div>\n<div class=\"vc_col-sm-9 wpb_column column_container vc_column_container col child_column no-extra-padding inherit_tablet inherit_phone \" data-padding-pos=\"all\" data-has-bg-color=\"false\" data-bg-color=\"\" data-bg-opacity=\"1\" data-animation=\"\" data-delay=\"0\">\n<div class=\"vc_column-inner\">\n<div class=\"wpb_wrapper\">\n<div class=\"wpb_text_column wpb_content_element \">\n<div class=\"wpb_wrapper\">\n<h3>IMPUGNATURA MANEGGEVOLE<\/h3>\n<p>Impugnatura ergonomica per una facile e salda presa.<\/p>\n<\/div>\n<\/div>\n<\/div>\n<\/div>\n<\/div>\n<\/div>\n<\/div>\n<div id=\"fws_6634be18ce336\" class=\"wpb_row vc_row-fluid vc_row inner_row product-details-item\" data-midnight=\"\" data-column-margin=\"default\">\n<div class=\"row-bg-wrap\">\n<div class=\"row-bg\"><\/div>\n<\/div>\n<div class=\"row_col_wrap_12_inner col span_12 left\">\n<div class=\"vc_col-sm-3 wpb_column column_container vc_column_container col child_column no-extra-padding inherit_tablet inherit_phone \" data-padding-pos=\"all\" data-has-bg-color=\"false\" data-bg-color=\"\" data-bg-opacity=\"1\" data-animation=\"\" data-delay=\"0\">\n<div class=\"vc_column-inner\">\n<div class=\"wpb_wrapper\">\n<div class=\"img-with-aniamtion-wrap \" data-max-width=\"100%\">\n<div class=\"inner\"><a class=\"magnific-popup\" href=\"https:\/\/battipav.com\/wp-content\/uploads\/2024\/03\/11008_CompactLight_01-800x450.jpg\" data-cmp-ab=\"2\"><img loading=\"lazy\" decoding=\"async\" class=\"img-with-animation \" src=\"https:\/\/battipav.com\/wp-content\/uploads\/2024\/03\/11008_CompactLight_01-800x450.jpg\" alt=\"\" width=\"452\" height=\"254\" data-shadow=\"none\" data-shadow-direction=\"middle\" data-delay=\"0\" data-animation=\"none\" data-cmp-ab=\"2\" data-cmp-info=\"10\" \/><\/a><\/div>\n<\/div>\n<\/div>\n<\/div>\n<\/div>\n<div class=\"vc_col-sm-9 wpb_column column_container vc_column_container col child_column no-extra-padding inherit_tablet inherit_phone \" data-padding-pos=\"all\" data-has-bg-color=\"false\" data-bg-color=\"\" data-bg-opacity=\"1\" data-animation=\"\" data-delay=\"0\">\n<div class=\"vc_column-inner\">\n<div class=\"wpb_wrapper\">\n<div class=\"wpb_text_column wpb_content_element \">\n<div class=\"wpb_wrapper\">\n<h3>STRUTTURA RESISTENTE E PI\u00d9 LEGGERA<\/h3>\n<p>Una pi\u00f9 facile manovrabilit\u00e0, favorisce un lavoro pi\u00f9 semplice e snello.<\/p>\n<\/div>\n<\/div>\n<\/div>\n<\/div>\n<\/div>\n<\/div>\n<\/div>\n<\/div>\n<\/div>\n<\/div>\n<\/div>\n<\/div>\n","protected":false},"excerpt":{"rendered":"<p>Massima capacit\u00e0 di carico: 80 kg<br \/>\nInclude: 6 ventose professionali<br \/>\nCon 2 barre telescopiche con 2 maniglie<\/p>\n<p>&nbsp;<\/p>\n","protected":false},"featured_media":27189,"template":"","meta":{"_acf_changed":false},"product_cat":[132,141],"product_tag":[799],"acf":[],"jetpack_sharing_enabled":true,"_links":{"self":[{"href":"https:\/\/store.technoriunite.it\/en\/wp-json\/wp\/v2\/product\/27185"}],"collection":[{"href":"https:\/\/store.technoriunite.it\/en\/wp-json\/wp\/v2\/product"}],"about":[{"href":"https:\/\/store.technoriunite.it\/en\/wp-json\/wp\/v2\/types\/product"}],"version-history":[{"count":3,"href":"https:\/\/store.technoriunite.it\/en\/wp-json\/wp\/v2\/product\/27185\/revisions"}],"predecessor-version":[{"id":30408,"href":"https:\/\/store.technoriunite.it\/en\/wp-json\/wp\/v2\/product\/27185\/revisions\/30408"}],"wp:featuredmedia":[{"embeddable":true,"href":"https:\/\/store.technoriunite.it\/en\/wp-json\/wp\/v2\/media\/27189"}],"wp:attachment":[{"href":"https:\/\/store.technoriunite.it\/en\/wp-json\/wp\/v2\/media?parent=27185"}],"wp:term":[{"taxonomy":"product_cat","embeddable":true,"href":"https:\/\/store.technoriunite.it\/en\/wp-json\/wp\/v2\/product_cat?post=27185"},{"taxonomy":"product_tag","embeddable":true,"href":"https:\/\/store.technoriunite.it\/en\/wp-json\/wp\/v2\/product_tag?post=27185"}],"curies":[{"name":"wp","href":"https:\/\/api.w.org\/{rel}","templated":true}]}}