{"id":23197,"date":"2024-06-19T15:30:39","date_gmt":"2024-06-19T15:30:39","guid":{"rendered":"https:\/\/store.technoriunite.it\/?product=progress-profiles-kit-prosupport-tube-system-49-74-mm-20-pcs"},"modified":"2024-06-20T16:45:09","modified_gmt":"2024-06-20T16:45:09","slug":"progress-profiles-kit-prosupport-tube-system-49-74-mm-20-pcs","status":"publish","type":"product","link":"https:\/\/store.technoriunite.it\/en\/prodotto\/progress-profiles-kit-prosupport-tube-system-49-74-mm-20-pcs\/","title":{"rendered":"Progress Profiles Kit Pedestal supporto regolabile per pavimento esterno h 49 -74 mm 20 pcs"},"content":{"rendered":"<p>Ideale per la posa di pavimentazioni<strong>sopraelevate per esterni<\/strong> , PROSUPPORT TUBE SYSTEM \u00e8 un<strong>sistema brevettato di sottofondi modulari e modulabili per la realizzazione di pavimentazioni sopraelevate per esterni.<\/strong> <br \/>Il sistema \u00e8 composto da 1 base, 2 viti, 1 ghiera, 2 teste e alcuni tubi per raggiungere l&#8217;altezza richiesta. Le due teste, a seconda di come viene applicata la vite, possono essere fisse o autolivellanti. Il punto di forza di questo sistema, che lo rende unico sul mercato, \u00e8 il ridotto numero di pezzi di cui \u00e8 composto. La stessa testa, infatti, pu\u00f2 essere utilizzata sia per la posa fissa che per quella autolivellante, e si possono raggiungere altezze fino al metro semplicemente modificando l&#8217;altezza dei tubi, acquistabili direttamente dall&#8217;utilizzatore finale. e tagliato sul posto. Il PROSUPPORT TUBE SYSTEM si propone come<strong>il sistema pi\u00f9 pratico, veloce e flessibile per raggiungere l&#8217;altezza desiderata<\/strong> .<\/p>\n","protected":false},"excerpt":{"rendered":"<p>ContenutoGomma antirumoreTesta fissa o autolivellante 4 mmVite di regolazioneBase<\/p>\n","protected":false},"featured_media":23191,"template":"","meta":{"_acf_changed":false},"product_cat":[],"product_tag":[],"acf":[],"jetpack_sharing_enabled":true,"_links":{"self":[{"href":"https:\/\/store.technoriunite.it\/en\/wp-json\/wp\/v2\/product\/23197"}],"collection":[{"href":"https:\/\/store.technoriunite.it\/en\/wp-json\/wp\/v2\/product"}],"about":[{"href":"https:\/\/store.technoriunite.it\/en\/wp-json\/wp\/v2\/types\/product"}],"version-history":[{"count":0,"href":"https:\/\/store.technoriunite.it\/en\/wp-json\/wp\/v2\/product\/23197\/revisions"}],"wp:featuredmedia":[{"embeddable":true,"href":"https:\/\/store.technoriunite.it\/en\/wp-json\/wp\/v2\/media\/23191"}],"wp:attachment":[{"href":"https:\/\/store.technoriunite.it\/en\/wp-json\/wp\/v2\/media?parent=23197"}],"wp:term":[{"taxonomy":"product_cat","embeddable":true,"href":"https:\/\/store.technoriunite.it\/en\/wp-json\/wp\/v2\/product_cat?post=23197"},{"taxonomy":"product_tag","embeddable":true,"href":"https:\/\/store.technoriunite.it\/en\/wp-json\/wp\/v2\/product_tag?post=23197"}],"curies":[{"name":"wp","href":"https:\/\/api.w.org\/{rel}","templated":true}]}}