{"id":22397,"date":"2024-06-04T15:53:24","date_gmt":"2024-06-04T15:53:24","guid":{"rendered":"https:\/\/store.technoriunite.it\/?product=raimondi-dispositivo-per-incollaggio-angoli-tip-top"},"modified":"2024-06-04T16:24:55","modified_gmt":"2024-06-04T16:24:55","slug":"raimondi-dispositivo-per-incollaggio-angoli-tip-top","status":"publish","type":"product","link":"https:\/\/store.technoriunite.it\/en\/prodotto\/raimondi-dispositivo-per-incollaggio-angoli-tip-top\/","title":{"rendered":"Raimondi Dispositivo per incollaggio angoli Tip-Top"},"content":{"rendered":"<p>\u2022 Dispositivo di incollaggio angoli per realizzare top e gradini con piastrelle e lastre di qualsiasi lunghezza.<br \/>\u2022Progettato per essere utilizzato con l\u2019angolo delle piastrelle a vista rende il lavoro comodo e semplice.<br \/>\u2022Le due regolazioni micrometriche indipendenti (verticale &#8211; su e gi\u00f9 \/ orizzontale &#8211; avanti e indietro) consentono di creare facilmente l\u2019angolo perfetto.<br \/>\u2022 Nessun limite di lunghezza delle piastrelle: idoneo anche per le pi\u00f9 grandi lastre in porcellanato (esempio 300&#215;150 cm).<br \/>\u2022Come regola generale, si raccomanda di usare una coppia (1 kit) su lastre di lunghezza fino a 200 cm. Per materiali pi\u00f9 lunghi \u00e8 sufficiente aggiungere altre unit\u00e0. Escursione verticale del cursore (alzata) da 30 a 300 mm.<br \/>\u2022 Dimensioni dei gradini\/top ottenibili: massima lunghezza: \u221e (infinito\/nessun limite di lunghezza); alzata: massimo 300 mm; minimo 30 mm; massima larghezza: \u221e (infinito\/nessun limite di larghezza);<br \/>\u2022 Utilizzando pi\u00f9 kit si possono effettuare anche incollaggi ad angolo (a 3 piastrelle).<br \/>\u2022Le 3 zavorre dal peso complessivo di 1.2 Kg di cui ciascun dispositivo \u00e8 dotato contribuiscono a creare il sistema di distribuzione dei pesi perfetto per mantenere in posizione le piastrelle.<br \/>\u2022Le 2 ventose in gomma antimacchia \u00d8 88 mm di cui ogni dispositivo \u00e8 dotato contribuiscono a tenere in posizione i dispositivi mentre si effettuano le regolazioni.<br \/>\u2022Posizionamento del kit sulla piastrella facile ed immediato grazie alle bande nere di riferimento.<br \/>\u2022TIP-TOP \u00e8 concepito per lavorare in appoggio sulla superficie della piastrella, la quale deve essere a sua volta posizionata su un piano stabile e sicuro. Si consiglia l\u2019utilizzo di uno o pi\u00f9 banchi di lavoro BM180PLUS o BM80MkII.<br \/>\u2022 Ogni kit TIP-TOP \u00e8 composto da due dispositivi\/unit\u00e0.<br \/>\u2022TIP-TOP \u00e8 estremamente compatto e leggero (6,2 Kg la coppia\/1 kit) per un agevole stoccaggio e trasporto<\/p>\n","protected":false},"excerpt":{"rendered":"<p>Nessun limite di lunghezza delle piastrelle: idoneo anche per le pi\u00f9 grandi lastre in porcellanatoAlzata: massimo 300 mm; Minima: 30 mm;Nessun limite di larghezza<\/p>\n","protected":false},"featured_media":22393,"template":"","meta":{"_acf_changed":false},"product_cat":[133,146],"product_tag":[],"acf":[],"jetpack_sharing_enabled":true,"_links":{"self":[{"href":"https:\/\/store.technoriunite.it\/en\/wp-json\/wp\/v2\/product\/22397"}],"collection":[{"href":"https:\/\/store.technoriunite.it\/en\/wp-json\/wp\/v2\/product"}],"about":[{"href":"https:\/\/store.technoriunite.it\/en\/wp-json\/wp\/v2\/types\/product"}],"version-history":[{"count":0,"href":"https:\/\/store.technoriunite.it\/en\/wp-json\/wp\/v2\/product\/22397\/revisions"}],"wp:featuredmedia":[{"embeddable":true,"href":"https:\/\/store.technoriunite.it\/en\/wp-json\/wp\/v2\/media\/22393"}],"wp:attachment":[{"href":"https:\/\/store.technoriunite.it\/en\/wp-json\/wp\/v2\/media?parent=22397"}],"wp:term":[{"taxonomy":"product_cat","embeddable":true,"href":"https:\/\/store.technoriunite.it\/en\/wp-json\/wp\/v2\/product_cat?post=22397"},{"taxonomy":"product_tag","embeddable":true,"href":"https:\/\/store.technoriunite.it\/en\/wp-json\/wp\/v2\/product_tag?post=22397"}],"curies":[{"name":"wp","href":"https:\/\/api.w.org\/{rel}","templated":true}]}}