{"id":22279,"date":"2024-04-29T14:47:29","date_gmt":"2024-04-29T14:47:29","guid":{"rendered":"https:\/\/store.technoriunite.it\/?product=fila-salvaterrazza-protezione-da-infiltrazioni-1lt"},"modified":"2024-06-14T08:19:50","modified_gmt":"2024-06-14T08:19:50","slug":"fila-salvaterrazza-protezione-da-infiltrazioni-1lt","status":"publish","type":"product","link":"https:\/\/store.technoriunite.it\/en\/prodotto\/fila-salvaterrazza-protezione-da-infiltrazioni-1lt\/","title":{"rendered":"Fila Salvaterrazza ECO Protezione da infiltrazioni 1lt"},"content":{"rendered":"<h2>Salvaterrazza Eco Fila<\/h2>\n<p> <strong>L\u2019ANTI INFILTRAZIONE CONSOLIDANTE TRASPIRANTE<\/strong> <br \/>\u00c8 il protettivo anti infiltrazione idrorepellente consolidante a base acqua. Protegge fessure e crepe di pavimenti e rivestimenti fino a 1 mm, eliminando il problema delle infiltrazioni d&#8217;acqua che provocano ulteriori danni alla struttura e agli ambienti sottostanti.<strong>Materiali:<\/strong> GRES PORCELLANATO, MARMO, PIETRA, AGGLOMERATI, CEMENTO, TUFO, COTTO, KLINKER<strong>Resa per un litro di prodotto (per mano):<\/strong> <\/p>\n<ul>\n<li>Cotto, Pietra: 10-20 m\u00b2<\/li>\n<li>Klinker: 15 m2<\/li>\n<li>Gres porcellanato: 30 m\u00b2<\/li>\n<\/ul>\n<p> <strong>DETTAGLI:<\/strong> <\/p>\n<ul>\n<li>Protettivo idrorepellente, protegge le fessurazioni<\/li>\n<li>del materiale fino ad 1 mm<\/li>\n<li>Penetra in profondit\u00e0<\/li>\n<li>Mineralizza e consolida il materiale<\/li>\n<li>Previene l\u2019infiltrazione d\u2019acqua che potrebbe causare<\/li>\n<li>danni strutturali alla superficie<\/li>\n<li>Non crea pellicole o film superficiali, \u00e8 traspirante<\/li>\n<li>Prodotto COV free a basso impatto ambientale<\/li>\n<li>Confezioni da: 1 e 5 litri<\/li>\n<li>Marca: Fila<\/li>\n<\/ul>\n<p> <strong>CAMPI DI APPLICAZIONE:<\/strong> <\/p>\n<ul>\n<li>Su superfici esterne che presentano problemi di infiltrazione e umidit\u00e0 in particolare nel caso di terrazzi e balconi<\/li>\n<li>Su pavimenti e rivestimenti esposti agli agenti atmosferici o aerosol marino, per prevenire effetti di erosione<\/li>\n<li>Su superfici nuove contro il naturale invecchiamento e per prevenire il problema delle infiltrazioni<\/li>\n<li>Nell\u2019ambito dei beni culturali, per mineralizzare superfici decoese e limitare lo sfarinamento e l&#8217;erosione<\/li>\n<li>Contrasta il problema delle infiltrazioni anche nel caso di fughe lesionate<\/li>\n<li>Agisce fisicamente contro la formazione di muffe, alghe e licheni<\/li>\n<\/ul>\n<p> <strong>APPLICAZIONE:<\/strong> <br \/>Su superficie asciutta e pulita (per una pulizia accurata utilizzare il detergente<strong><a href=\"https:\/\/www.ediliamo.com\/it\/protezione-per-pavimenti\/rimotore-preparatore-concentrato-fasezero-fila-1-lt-29676.html\">FASE ZERO<\/a><\/strong> ), applicare SALVATERRAZZA\u00ae ECO in modo uniforme su tutta la superficie con un vello o altro opportuno applicatore, impregnando bene le fughe e le fessurazioni. Prima che il prodotto asciughi, rimuovere il residuo tamponando con un panno assorbente pulito, avendo cura di non lasciare traccia di prodotto. Si consiglia, per ampie metrature, di applicare SALVATERRAZZA \u00ae ECO pochi metri per volta, per facilitare l\u2019operazione di rimozione del residuo.<br \/>SALVATERRAZZA \u00ae ECO ha una formula ad ALTA RESA, applicare in abbondanza non ne migliora le prestazioni, soprattutto in superfici poco assorbenti. Per velocizzare le operazioni \u00e8 possibile intervenire con monospazzola. La superficie \u00e8 calpestabile dopo 4 ore. La protezione \u00e8 attiva dopo 24 ore. SOLO PER USO PROFESSIONALE: su superfici verticali applicare a spruzzo (sistema airless) utilizzando gli opportuni DPI, come da indicazioni in scheda di sicurezza. Manutenzione: soluzione diluita di<a href=\"https:\/\/www.ediliamo.com\/it\/prodotti-fila-pulizia-gres-e-ceramiche\/detergente-pulizia-pavimenti-professionale-fila-cleaner-pro-31078.html\"><strong>CLEANER PRO<\/strong><\/a> <strong>Utensili per applicazione:<\/strong> pennello , pennellessa, vello spandicera, airless (per uso professionale)<\/p>\n","protected":false},"excerpt":{"rendered":"<p>Protegge fessure e crepe di pavimenti e rivestimenti fino a 1mmElimina il problema delle infiltrazioniPreviene la percolazione dell\u2019acqua, la formazione di muffe ed efflorescenze nonch\u00e9 gravosi danni alle strutture<\/p>\n","protected":false},"featured_media":22275,"template":"","meta":{"_acf_changed":false},"product_cat":[],"product_tag":[],"acf":[],"jetpack_sharing_enabled":true,"_links":{"self":[{"href":"https:\/\/store.technoriunite.it\/en\/wp-json\/wp\/v2\/product\/22279"}],"collection":[{"href":"https:\/\/store.technoriunite.it\/en\/wp-json\/wp\/v2\/product"}],"about":[{"href":"https:\/\/store.technoriunite.it\/en\/wp-json\/wp\/v2\/types\/product"}],"version-history":[{"count":0,"href":"https:\/\/store.technoriunite.it\/en\/wp-json\/wp\/v2\/product\/22279\/revisions"}],"wp:featuredmedia":[{"embeddable":true,"href":"https:\/\/store.technoriunite.it\/en\/wp-json\/wp\/v2\/media\/22275"}],"wp:attachment":[{"href":"https:\/\/store.technoriunite.it\/en\/wp-json\/wp\/v2\/media?parent=22279"}],"wp:term":[{"taxonomy":"product_cat","embeddable":true,"href":"https:\/\/store.technoriunite.it\/en\/wp-json\/wp\/v2\/product_cat?post=22279"},{"taxonomy":"product_tag","embeddable":true,"href":"https:\/\/store.technoriunite.it\/en\/wp-json\/wp\/v2\/product_tag?post=22279"}],"curies":[{"name":"wp","href":"https:\/\/api.w.org\/{rel}","templated":true}]}}