{"id":21777,"date":"2024-02-08T10:27:23","date_gmt":"2024-02-08T10:27:23","guid":{"rendered":"https:\/\/store.technoriunite.it\/?product=perforatore-a-batteria-te-6-22-con-valigetta-hilti"},"modified":"2024-02-08T11:24:09","modified_gmt":"2024-02-08T11:24:09","slug":"perforatore-a-batteria-te-6-22-con-valigetta-hilti","status":"publish","type":"product","link":"https:\/\/store.technoriunite.it\/en\/prodotto\/perforatore-a-batteria-te-6-22-con-valigetta-hilti\/","title":{"rendered":"Perforatore a batteria TE 6-22 con valigetta Hilti"},"content":{"rendered":"<div class=\"column\"><\/p>\n<div class=\"a-heading-h3\">Caratteristiche<\/div>\n<p><\/p>\n<ul class=\"a-list a-list-unordered a-color-black \"> <\/p>\n<li>Prestazioni, versatilit\u00e0 ed ergonomia in un unico prodotto: il perforatore a batteria TE 6-22 \u00e8 dotato di un&#8217;ampia gamma di forature, di una funzione di scalpellatura e di un maggiore comfort per l&#8217;uso quotidiano<\/li>\n<li>Contribuisce a ridurre l&#8217;affaticamento: ora \u00e8 ancora pi\u00f9 leggero, aiutandovi a portare a termine i lavori pi\u00f9 grandi di foratura del calcestruzzo<\/li>\n<li>Manipolazione migliorata: migliore bilanciamento dell&#8217;attrezzo e impugnature sagomate per forare, scalpellare o azionare l&#8217;attrezzo pi\u00f9 comodamente in qualsiasi posizione<\/li>\n<li>Funzioni di sicurezza complete &#8211; comprende il sistema Active Torque Control (ATC) per proteggervi meglio da una rotazione incontrollata se la punta s&#8217;incastrasse<\/li>\n<li>La riduzione attiva delle vibrazioni (AVR, Active Vibration Reduction) rende l&#8217;attrezzo meno stancante da utilizzare &#8211; contribuisce ad aumentare la produttivit\u00e0 giornaliera<\/li>\n<\/ul>\n<\/div>\n<p><\/p>\n<div class=\"column\"><\/p>\n<div class=\"a-heading-h3\">Applicazioni<\/div>\n<p><\/p>\n<ul class=\"a-list a-list-unordered a-color-black \"> <\/p>\n<li>Foratura e perforazione a percussione in calcestruzzo e muratura<\/li>\n<li>Foratura praticamente priva di polvere (\u00e8 necessario il sistema di rimozione della polvere a bordo TE DRS-4\/6 o il connettore dell&#8217;aspiratore TE DRS-C)<\/li>\n<li>Scalpellatura leggera \u2013 come raschiatura piastrelle, pulizia di binari o correzione di superfici<\/li>\n<li>Forature occasionali in legno e acciaio (con mandrino a serraggio rapido opzionale)<\/li>\n<li>Inserimento di ancoraggi e tasselli compatti (con porta-inserti TE-C opzionale)<\/li>\n<\/ul>\n<\/div>\n","protected":false},"excerpt":{"rendered":"<p>Contiene: corpo macchina con valigettaGamma di perforazione a percussione ottimale:\u00a06 &#8211; 18 mmForatura e perforazione a percussione in calcestruzzo e muratura\u00a0<\/p>\n","protected":false},"featured_media":21771,"template":"","meta":{"_acf_changed":false},"product_cat":[169,261],"product_tag":[],"acf":[],"jetpack_sharing_enabled":true,"_links":{"self":[{"href":"https:\/\/store.technoriunite.it\/en\/wp-json\/wp\/v2\/product\/21777"}],"collection":[{"href":"https:\/\/store.technoriunite.it\/en\/wp-json\/wp\/v2\/product"}],"about":[{"href":"https:\/\/store.technoriunite.it\/en\/wp-json\/wp\/v2\/types\/product"}],"version-history":[{"count":0,"href":"https:\/\/store.technoriunite.it\/en\/wp-json\/wp\/v2\/product\/21777\/revisions"}],"wp:featuredmedia":[{"embeddable":true,"href":"https:\/\/store.technoriunite.it\/en\/wp-json\/wp\/v2\/media\/21771"}],"wp:attachment":[{"href":"https:\/\/store.technoriunite.it\/en\/wp-json\/wp\/v2\/media?parent=21777"}],"wp:term":[{"taxonomy":"product_cat","embeddable":true,"href":"https:\/\/store.technoriunite.it\/en\/wp-json\/wp\/v2\/product_cat?post=21777"},{"taxonomy":"product_tag","embeddable":true,"href":"https:\/\/store.technoriunite.it\/en\/wp-json\/wp\/v2\/product_tag?post=21777"}],"curies":[{"name":"wp","href":"https:\/\/api.w.org\/{rel}","templated":true}]}}