{"id":21755,"date":"2024-02-05T14:30:25","date_gmt":"2024-02-05T14:30:25","guid":{"rendered":"https:\/\/store.technoriunite.it\/?product=set-punte-per-perforatore-sistema-metrico-te-cx"},"modified":"2024-02-12T16:31:16","modified_gmt":"2024-02-12T16:31:16","slug":"set-punte-per-perforatore-sistema-metrico-te-cx","status":"publish","type":"product","link":"https:\/\/store.technoriunite.it\/en\/prodotto\/set-punte-per-perforatore-sistema-metrico-te-cx\/","title":{"rendered":"Set punte per perforatore sistema metrico TE-CX"},"content":{"rendered":"<div class=\"column\"><\/p>\n<div class=\"a-heading-h3\">Caratteristiche<\/div>\n<p><\/p>\n<ul class=\"a-list a-list-unordered a-color-black \"> <\/p>\n<li>La nuova testa di carburo robusta ha un&#8217;elevata resistenza all&#8217;usura e realizza fori precisi per la posa di tasselli \u2013 fino al 30% di durata in pi\u00f9 rispetto ad altre punte SDS Plus<\/li>\n<li>Testa in carburo robusta dalla tecnologia a gradiente &#8211; progettata per forare facilmente attraverso ferri di armatura<\/li>\n<li>L&#8217;elica quadrupla e l&#8217;ottimale geometria della testa permettono una velocit\u00e0 di foratura costantemente rapido per tutta la durata della punta<\/li>\n<li>Contrassegno indicatore &#8211; la punta \u00e8 adatta per la posa dei tasselli finch\u00e9 questo contrassegno \u00e8 visibile<\/li>\n<li>Nell&#8217;improbabile caso di rottura della punta, si prender\u00e0 in considerazione la sua sostituzione se la marcatura di usura sull&#8217;elica sar\u00e0 ancora visibile<\/li>\n<\/ul>\n<\/div>\n<p><\/p>\n<div class=\"column\"><\/p>\n<div class=\"a-heading-h3\">Applicazioni<\/div>\n<p><\/p>\n<ul class=\"a-list a-list-unordered a-color-black \"> <\/p>\n<li>Esecuzione di fori per ancoranti metallici su cemento armato e non armato<\/li>\n<li>Esecuzione di fori per il collegamento dei ferri di ripresa installati a posteriori<\/li>\n<li>Esecuzione di fori di scarico per far asciugare edifici<\/li>\n<li>Esecuzione di fori passanti per tubi e cavi di profondit\u00e0 massima 1150 mm<\/li>\n<\/ul>\n<\/div>\n","protected":false},"excerpt":{"rendered":"<p>Contenuto1 punta perforatori TE-CX 5\/122 punte perforatori TE-CX 6\/171 punta perforatori TE-CX 8\/171 punta perforatori TE-CX 10\/171 punta perforatori TE-CX 10\/17\u00a0\u00a0<\/p>\n","protected":false},"featured_media":21751,"template":"","meta":{"_acf_changed":false},"product_cat":[],"product_tag":[],"acf":[],"jetpack_sharing_enabled":true,"_links":{"self":[{"href":"https:\/\/store.technoriunite.it\/en\/wp-json\/wp\/v2\/product\/21755"}],"collection":[{"href":"https:\/\/store.technoriunite.it\/en\/wp-json\/wp\/v2\/product"}],"about":[{"href":"https:\/\/store.technoriunite.it\/en\/wp-json\/wp\/v2\/types\/product"}],"version-history":[{"count":0,"href":"https:\/\/store.technoriunite.it\/en\/wp-json\/wp\/v2\/product\/21755\/revisions"}],"wp:featuredmedia":[{"embeddable":true,"href":"https:\/\/store.technoriunite.it\/en\/wp-json\/wp\/v2\/media\/21751"}],"wp:attachment":[{"href":"https:\/\/store.technoriunite.it\/en\/wp-json\/wp\/v2\/media?parent=21755"}],"wp:term":[{"taxonomy":"product_cat","embeddable":true,"href":"https:\/\/store.technoriunite.it\/en\/wp-json\/wp\/v2\/product_cat?post=21755"},{"taxonomy":"product_tag","embeddable":true,"href":"https:\/\/store.technoriunite.it\/en\/wp-json\/wp\/v2\/product_tag?post=21755"}],"curies":[{"name":"wp","href":"https:\/\/api.w.org\/{rel}","templated":true}]}}