{"id":21617,"date":"2024-01-19T10:37:29","date_gmt":"2024-01-19T10:37:29","guid":{"rendered":"https:\/\/store.technoriunite.it\/?product=guarnizione-di-ricambio-slender-seal-grabo"},"modified":"2024-03-27T12:09:04","modified_gmt":"2024-03-27T12:09:04","slug":"guarnizione-di-ricambio-slender-seal-grabo","status":"publish","type":"product","link":"https:\/\/store.technoriunite.it\/en\/prodotto\/guarnizione-di-ricambio-slender-seal-grabo\/","title":{"rendered":"Grabo guarnizione di ricambio Slender Seal"},"content":{"rendered":"<p>Slenderseal \u00e8 uno strumento di sollevamento versatile progettato per le superfici pi\u00f9 lunghe e strette, come piastrelle, pavimentazioni, tubi e piani di lavoro tagliati su misura. \u00c8 perfetto sia per il fai-da-te che per l\u2019uso professionale e render\u00e0 il sollevamento e lo spostamento di materiali pesanti un gioco da ragazzi. Grazie alla sua struttura resistente e al design innovativo, Slenderseal \u00e8 un must per qualsiasi cantiere o progetto di ristrutturazione della casa.<\/p>\n","protected":false},"excerpt":{"rendered":"<p>Compatibilit\u00e0: tutti i modelli GraboCapacit\u00e0 massima di sollevamento: 60 kg<\/p>\n","protected":false},"featured_media":21613,"template":"","meta":{"_acf_changed":false},"product_cat":[197],"product_tag":[],"acf":[],"jetpack_sharing_enabled":true,"_links":{"self":[{"href":"https:\/\/store.technoriunite.it\/en\/wp-json\/wp\/v2\/product\/21617"}],"collection":[{"href":"https:\/\/store.technoriunite.it\/en\/wp-json\/wp\/v2\/product"}],"about":[{"href":"https:\/\/store.technoriunite.it\/en\/wp-json\/wp\/v2\/types\/product"}],"version-history":[{"count":0,"href":"https:\/\/store.technoriunite.it\/en\/wp-json\/wp\/v2\/product\/21617\/revisions"}],"wp:featuredmedia":[{"embeddable":true,"href":"https:\/\/store.technoriunite.it\/en\/wp-json\/wp\/v2\/media\/21613"}],"wp:attachment":[{"href":"https:\/\/store.technoriunite.it\/en\/wp-json\/wp\/v2\/media?parent=21617"}],"wp:term":[{"taxonomy":"product_cat","embeddable":true,"href":"https:\/\/store.technoriunite.it\/en\/wp-json\/wp\/v2\/product_cat?post=21617"},{"taxonomy":"product_tag","embeddable":true,"href":"https:\/\/store.technoriunite.it\/en\/wp-json\/wp\/v2\/product_tag?post=21617"}],"curies":[{"name":"wp","href":"https:\/\/api.w.org\/{rel}","templated":true}]}}