{"id":21605,"date":"2024-01-19T09:35:09","date_gmt":"2024-01-19T09:35:09","guid":{"rendered":"https:\/\/store.technoriunite.it\/?product=ventosa-a-batteria-ottovac"},"modified":"2024-04-17T18:01:06","modified_gmt":"2024-04-17T18:01:06","slug":"ventosa-a-batteria-ottovac","status":"publish","type":"product","link":"https:\/\/store.technoriunite.it\/en\/prodotto\/ventosa-a-batteria-ottovac\/","title":{"rendered":"Grabo ventosa a batteria Ottovac"},"content":{"rendered":"<p>OTTOVAC \u00e8 un nuovissimo elettroutensile che cambier\u00e0 il modo in cui i vetrai spostano e installano il vetro o qualsiasi superficie piana e liscia. \u00c8 una ventosa elettrica portatile. Si presenta in una tradizionale tazza a pompa, tuttavia aspira il materiale con la semplice pressione di un pulsante e rilascia la pressione con lo stesso pulsante.<\/p>\n<p data-v-d515079c=\"\">Questo nuovo strumento rimuove completamente l&#8217;azione della pompa tradizionalmente necessaria per ottenere l&#8217;aspirazione sulla tazza, inoltre rimuove anche ogni sfiducia sull&#8217;effettiva aspirazione del vuoto che lo strumento ha sul vetro perch\u00e9 questo nuovo strumento \u00e8 dotato del rivoluzionario sensore di accensione\/spegnimento automatico. .<\/p>\n<p><\/p>\n<p data-v-d515079c=\"\">Il sensore di accensione\/spegnimento automatico \u00e8 integrato nello strumento e comunica alla pompa del vuoto di impegnarsi per creare l&#8217;aspirazione e di fermarsi quando raggiunge un vuoto sufficiente, facendo attenzione a non creare troppa aspirazione e a non rompere o &#8220;scoppiare&#8221; il bicchiere. Dall&#8217;altro lato del problema, nel caso in cui l&#8217;utensile inizi a perdere l&#8217;aspirazione o a &#8220;spurgare&#8221;, l&#8217;utensile torner\u00e0 indietro e riacquister\u00e0 l&#8217;aspirazione, quindi sarai sempre nella zona sicura per tutto il tempo necessario. la base della ventosa raggiunge -55 kPa, la pompa si fermer\u00e0 automaticamente dopo tre secondi<br \/>ritardo.<\/p>\n<p><\/p>\n<p data-v-d515079c=\"\">Quando il livello di vuoto scende al di sotto di -55 kPa, la pompa si riavvier\u00e0 automaticamente, raggiungendo la pressione richiesta durante il funzionamento.<\/p>\n<p><\/p>\n<p data-v-d515079c=\"\"><img fetchpriority=\"high\" decoding=\"async\" class=\"alignnone wp-image-26579\" src=\"https:\/\/store.technoriunite.it\/wp-content\/uploads\/2024\/01\/Capture-300x129.png\" alt=\"\" width=\"456\" height=\"196\" \/><\/p>\n<p><\/p>\n<p data-v-d515079c=\"\">OTTOVAC \u00e8 progettato per sostenere in sicurezza fino a 150 kq, ed \u00e8 alimentato da una batteria agli ioni di litio ad alte prestazioni appositamente progettata per fornire potenza e affidabilit\u00e0 ottimali al tuo dispositivo. Questo pacco batteria comprende due batterie agli ioni di litio 18500 a cella singola, garantendo una fonte di alimentazione efficiente e di lunga durata per le tue attivit\u00e0 lavorative.<\/p>\n","protected":false},"excerpt":{"rendered":"<p>ContenutoBatteria: 1 pzBorsa rigida: 1 pzCorpo macchina: 1 pz<\/p>\n","protected":false},"featured_media":21599,"template":"","meta":{"_acf_changed":false},"product_cat":[197],"product_tag":[],"acf":[],"jetpack_sharing_enabled":true,"_links":{"self":[{"href":"https:\/\/store.technoriunite.it\/en\/wp-json\/wp\/v2\/product\/21605"}],"collection":[{"href":"https:\/\/store.technoriunite.it\/en\/wp-json\/wp\/v2\/product"}],"about":[{"href":"https:\/\/store.technoriunite.it\/en\/wp-json\/wp\/v2\/types\/product"}],"version-history":[{"count":0,"href":"https:\/\/store.technoriunite.it\/en\/wp-json\/wp\/v2\/product\/21605\/revisions"}],"wp:featuredmedia":[{"embeddable":true,"href":"https:\/\/store.technoriunite.it\/en\/wp-json\/wp\/v2\/media\/21599"}],"wp:attachment":[{"href":"https:\/\/store.technoriunite.it\/en\/wp-json\/wp\/v2\/media?parent=21605"}],"wp:term":[{"taxonomy":"product_cat","embeddable":true,"href":"https:\/\/store.technoriunite.it\/en\/wp-json\/wp\/v2\/product_cat?post=21605"},{"taxonomy":"product_tag","embeddable":true,"href":"https:\/\/store.technoriunite.it\/en\/wp-json\/wp\/v2\/product_tag?post=21605"}],"curies":[{"name":"wp","href":"https:\/\/api.w.org\/{rel}","templated":true}]}}