{"id":21573,"date":"2024-01-08T15:44:47","date_gmt":"2024-01-08T15:44:47","guid":{"rendered":"https:\/\/store.technoriunite.it\/?product=ancorante-chimico-hit-hy-170-500ml-hilti"},"modified":"2024-03-04T16:58:58","modified_gmt":"2024-03-04T16:58:58","slug":"ancorante-chimico-hit-hy-170-500ml-hilti","status":"publish","type":"product","link":"https:\/\/store.technoriunite.it\/en\/prodotto\/ancorante-chimico-hit-hy-170-500ml-hilti\/","title":{"rendered":"Ancorante chimico hit-hy 170 500ml Hilti"},"content":{"rendered":"<div id=\"basic-information\" class=\"container-fluid ng-scope\"><\/p>\n<div class=\"row\"><\/p>\n<div class=\"col-xs-12\"><\/p>\n<div class=\"o-product-main a-spacing-pb--l\"><\/p>\n<div class=\"o-product-content\"><\/p>\n<div class=\"m-product-pictures m-product-pictures--gallery\" data-product-pictures=\"\"><\/div>\n<p><\/div>\n<p><\/div>\n<p><\/div>\n<p><\/div>\n<p><\/div>\n<p><\/p>\n<div id=\"features-applications\" class=\"o-wrapper o-wrapper--lineofdifference a-page-fullwidth\"><\/p>\n<div class=\"o-product-secondary o-product-content o-product-content--offset o-feature-and-applications js-preloader-wrapper has-active-preloader\"><\/p>\n<div class=\"js-features-and-applications\" data-url=\"\/view\/ProductFeatureApplicationComponentController\/fragment.html?productCode=r4077113\"><\/p>\n<div class=\"o-product-tabs\">\n<section class=\"o-product-tab o-product-tab--features-applications \"><\/p>\n<div class=\"o-product-tab-content o-product-tab-content--default\"><\/p>\n<div class=\"m-imagelinks\"><\/p>\n<div class=\"imagelink\"><\/p>\n<div class=\"aspect-ratio-image\"><\/p>\n<div class=\"column\"><\/p>\n<div class=\"a-heading-h3\">Caratteristiche<\/div>\n<p><\/p>\n<ul class=\"a-list a-list-unordered a-color-black  \"> <\/p>\n<li>Ancorante chimico ibrido a polimerizzazione rapida ad alte prestazioni per applicazioni con ferri di armatura post-installati su calcestruzzo e muratura<\/li>\n<li>Installazioni pi\u00f9 rapide, pi\u00f9 semplici e pi\u00f9 sicure: utilizzalo insieme al nostro sistema SafeSet completamente cordless per una soluzione di installazione semplice e perfetta che riduce i tempi in cantiere e gli errori di installazione<\/li>\n<li>Sono disponibili numerose certificazioni, tra cui ETA per ancoraggi su calcestruzzo o muratura e ferri di armatura post-installati<\/li>\n<li>Environmental Product Declaration EPD), CERTIFICAZIONI VOC e LEED per Edilizia Verde (Green building) disponibili<\/li>\n<li>Vasta gamma di accessori disponibili (per es. bussole, dispenser a batteria)<\/li>\n<\/ul>\n<\/div>\n<p><\/p>\n<div class=\"column\"><\/p>\n<div class=\"a-heading-h3\">Applicazioni<\/div>\n<p><\/p>\n<ul class=\"a-list a-list-unordered a-color-black  \"> <\/p>\n<li>Ancoraggi su strutture in muratura piena e forata<\/li>\n<li>Per applicazioni di ancoraggio medio-leggere, come ad es. infissi, attrezzatura sanitaria, tende da sole, impianti di condizionamento e sistemi di illuminazione<\/li>\n<li>Ancoraggi strutturali per carpenterie metalliche leggere, come colonne in acciaio e travi<\/li>\n<li>Ancoraggio di strutture secondarie in acciaio<\/li>\n<li>Ancoraggio di ferri di armatura post-installati<\/li>\n<\/ul>\n<\/div>\n<p><\/div>\n<p><\/div>\n<p><\/p>\n<div class=\"imagelink\"><\/p>\n<div class=\"aspect-ratio-image\"><\/div>\n<p><\/div>\n<p><\/div>\n<p><\/div>\n<p><\/section>\n<\/div>\n<p><\/div>\n<p><\/div>\n<p><\/div>\n","protected":false},"excerpt":{"rendered":"<p>Contenuto: una cartuccia, due miscelatori e un estensione del miscelatoreMateriali di base: Calcestruzzo (fessurato), Calcestruzzo (non fessurato), Muratura (forata), Muratura (solida)Condizione materiale base:\u00a0Ad acqua, A secco<\/p>\n","protected":false},"featured_media":16845,"template":"","meta":{"_acf_changed":false},"product_cat":[169,271],"product_tag":[],"acf":[],"jetpack_sharing_enabled":true,"_links":{"self":[{"href":"https:\/\/store.technoriunite.it\/en\/wp-json\/wp\/v2\/product\/21573"}],"collection":[{"href":"https:\/\/store.technoriunite.it\/en\/wp-json\/wp\/v2\/product"}],"about":[{"href":"https:\/\/store.technoriunite.it\/en\/wp-json\/wp\/v2\/types\/product"}],"version-history":[{"count":0,"href":"https:\/\/store.technoriunite.it\/en\/wp-json\/wp\/v2\/product\/21573\/revisions"}],"wp:featuredmedia":[{"embeddable":true,"href":"https:\/\/store.technoriunite.it\/en\/wp-json\/wp\/v2\/media\/16845"}],"wp:attachment":[{"href":"https:\/\/store.technoriunite.it\/en\/wp-json\/wp\/v2\/media?parent=21573"}],"wp:term":[{"taxonomy":"product_cat","embeddable":true,"href":"https:\/\/store.technoriunite.it\/en\/wp-json\/wp\/v2\/product_cat?post=21573"},{"taxonomy":"product_tag","embeddable":true,"href":"https:\/\/store.technoriunite.it\/en\/wp-json\/wp\/v2\/product_tag?post=21573"}],"curies":[{"name":"wp","href":"https:\/\/api.w.org\/{rel}","templated":true}]}}