{"id":21509,"date":"2023-11-27T13:49:46","date_gmt":"2023-11-27T13:49:46","guid":{"rendered":"https:\/\/store.technoriunite.it\/?product=dispositivo-per-installazione-levtop-flat-raimondi"},"modified":"2024-02-05T14:55:26","modified_gmt":"2024-02-05T14:55:26","slug":"dispositivo-per-installazione-levtop-flat-raimondi","status":"publish","type":"product","link":"https:\/\/store.technoriunite.it\/en\/prodotto\/dispositivo-per-installazione-levtop-flat-raimondi\/","title":{"rendered":"Dispositivo per installazione Levtop Flat Raimondi"},"content":{"rendered":"<p>\u2022 Per livellare ed accostare top cucina\/bagno (o altri elementi di arredo) durante la fase di installazione.<br \/>\u2022 Idoneo per installazioni in piano.<br \/>\u2022 Dotato di un gruppo di livellamento.<br \/>\u2022 Grazie al meccanismo a pompa, il vuoto \u00e8 ripristinabile senza rimuovere la ventosa dalla lastra a garanzia di una presa costante durante la maturazione del collante.<br \/>\u2022 Il livellamento si ottiene per mezzo di due piedini ad altezza regolabile tramite pomello da posizionare sulle due met\u00e0 del top (lastra), agendo sui quali si ottiene la perfetta planarit\u00e0 della due met\u00e0 (lastre).<br \/>\u2022 L\u2019accostamento \u00e8 ottenuto per mezzo di un pomello che regola con precisione micrometrica la distanza tra le 2 ventose.<br \/>\u2022 Equipaggiato con 2 ventose vacuum RV175 (\u00d8 patta 175 mm) con patta in gomma antimacchia ideale sia per materiali\/top strutturati che lisci.<br \/>\u2022 Ventose dotate di vuotometro.<\/p>\n","protected":false},"excerpt":{"rendered":"<p>Dotato di un gruppo di livellamento e 2 ventose aspiranti antimacchiaIdoneo per installazioni in pianoCon vuotometro: si<\/p>\n","protected":false},"featured_media":21507,"template":"","meta":{"_acf_changed":false},"product_cat":[349],"product_tag":[],"acf":[],"jetpack_sharing_enabled":true,"_links":{"self":[{"href":"https:\/\/store.technoriunite.it\/en\/wp-json\/wp\/v2\/product\/21509"}],"collection":[{"href":"https:\/\/store.technoriunite.it\/en\/wp-json\/wp\/v2\/product"}],"about":[{"href":"https:\/\/store.technoriunite.it\/en\/wp-json\/wp\/v2\/types\/product"}],"version-history":[{"count":0,"href":"https:\/\/store.technoriunite.it\/en\/wp-json\/wp\/v2\/product\/21509\/revisions"}],"wp:featuredmedia":[{"embeddable":true,"href":"https:\/\/store.technoriunite.it\/en\/wp-json\/wp\/v2\/media\/21507"}],"wp:attachment":[{"href":"https:\/\/store.technoriunite.it\/en\/wp-json\/wp\/v2\/media?parent=21509"}],"wp:term":[{"taxonomy":"product_cat","embeddable":true,"href":"https:\/\/store.technoriunite.it\/en\/wp-json\/wp\/v2\/product_cat?post=21509"},{"taxonomy":"product_tag","embeddable":true,"href":"https:\/\/store.technoriunite.it\/en\/wp-json\/wp\/v2\/product_tag?post=21509"}],"curies":[{"name":"wp","href":"https:\/\/api.w.org\/{rel}","templated":true}]}}