{"id":21503,"date":"2023-11-27T12:27:45","date_gmt":"2023-11-27T12:27:45","guid":{"rendered":"https:\/\/store.technoriunite.it\/?product=dispositivo-per-installazione-levtop-plus-raimondi"},"modified":"2024-02-05T14:55:50","modified_gmt":"2024-02-05T14:55:50","slug":"dispositivo-per-installazione-levtop-plus-raimondi","status":"publish","type":"product","link":"https:\/\/store.technoriunite.it\/en\/prodotto\/dispositivo-per-installazione-levtop-plus-raimondi\/","title":{"rendered":"Dispositivo per installazione Levtop Plus Raimondi"},"content":{"rendered":"<p>\u2022 Per accostare, livellare e traslare top cucina\/bagno (o altri elementi di arredo) durante la fase di installazione.<br \/>\u2022 Idoneo per installazioni sia in piano che ad angolo.<br \/>\u2022 Dotato di due gruppi di livellamento.<br \/>\u2022 Il livellamento si ottiene per mezzo di 4 piedini ad altezza regolabile tramite pomello, posizionati sulle due met\u00e0 del top (lastra), agendo sui quali si ottiene la perfetta planarit\u00e0 della due met\u00e0<br \/>(lastre).<br \/>\u2022 L\u2019accostamento \u00e8 ottenuto per mezzo di un pomello che regola con precisione micrometrica la distanza tra le 2 ventose.<br \/>\u2022 Agendo sull\u2019apposito pomello, si ottiene la traslazione delle due met\u00e0 del top (lastre) per conseguire il perfetto allineamento dei bordi esterni del top.<br \/>\u2022 \u00c8 possibile eseguire tutte le succitate regolazioni sia su lastre complanari (in piano) che posate ad angolo (uguale, maggiore o minore di 90\u00b0 &#8211; campo 192\u00b0).<br \/>\u2022 Equipaggiato con 2 ventose vacuum RV175 (\u00d8 patta 175 mm) con patta in gomma antimacchia ideale sia per materiali\/top strutturati che lisci.<br \/>\u2022 Ventose dotate di vuotometro.<br \/>\u2022 Grazie al meccanismo a pompa, il vuoto \u00e8 ripristinabile senza rimuovere la ventosa dalla lastra a garanzia di una presa costante durante la maturazione del collante.<\/p>\n","protected":false},"excerpt":{"rendered":"<p>Dotato di due gruppi di livellamento e 2 ventose aspiranti antimacchiaIdoneo per installazioni sia in piano che ad angoloCon vuotometro: si<\/p>\n","protected":false},"featured_media":21501,"template":"","meta":{"_acf_changed":false},"product_cat":[197,349],"product_tag":[],"acf":[],"jetpack_sharing_enabled":true,"_links":{"self":[{"href":"https:\/\/store.technoriunite.it\/en\/wp-json\/wp\/v2\/product\/21503"}],"collection":[{"href":"https:\/\/store.technoriunite.it\/en\/wp-json\/wp\/v2\/product"}],"about":[{"href":"https:\/\/store.technoriunite.it\/en\/wp-json\/wp\/v2\/types\/product"}],"version-history":[{"count":0,"href":"https:\/\/store.technoriunite.it\/en\/wp-json\/wp\/v2\/product\/21503\/revisions"}],"wp:featuredmedia":[{"embeddable":true,"href":"https:\/\/store.technoriunite.it\/en\/wp-json\/wp\/v2\/media\/21501"}],"wp:attachment":[{"href":"https:\/\/store.technoriunite.it\/en\/wp-json\/wp\/v2\/media?parent=21503"}],"wp:term":[{"taxonomy":"product_cat","embeddable":true,"href":"https:\/\/store.technoriunite.it\/en\/wp-json\/wp\/v2\/product_cat?post=21503"},{"taxonomy":"product_tag","embeddable":true,"href":"https:\/\/store.technoriunite.it\/en\/wp-json\/wp\/v2\/product_tag?post=21503"}],"curies":[{"name":"wp","href":"https:\/\/api.w.org\/{rel}","templated":true}]}}