{"id":20073,"date":"2023-09-15T12:27:21","date_gmt":"2023-09-15T12:27:21","guid":{"rendered":"https:\/\/store.technoriunite.it\/?product=smerigliatrice-angolare-a-batteria-ag-4s-22-125-mm-hilti"},"modified":"2024-02-08T16:29:37","modified_gmt":"2024-02-08T16:29:37","slug":"smerigliatrice-angolare-a-batteria-ag-4s-22-125-mm-hilti","status":"publish","type":"product","link":"https:\/\/store.technoriunite.it\/en\/prodotto\/smerigliatrice-angolare-a-batteria-ag-4s-22-125-mm-hilti\/","title":{"rendered":"Smerigliatrice Angolare a batteria Nuron AG 4S-22 (125 mm) Hilti"},"content":{"rendered":"<div class=\"column\"><\/p>\n<div class=\"a-heading-h3\"><strong>Caratteristiche<\/strong><\/div>\n<p><\/p>\n<ul class=\"a-list a-list-unordered a-color-black \"> <\/p>\n<li>Smerigliatrice angolare cordless Slimline con controllo della velocit\u00e0 per un maggiore comfort di lavoro e un migliore controllo quando si lavora su un&#8217;ampia gamma di materiali<\/li>\n<li>Pi\u00f9 tagli per carica: dura fino al 10% in pi\u00f9 e taglia fino al 10% pi\u00f9 velocemente rispetto alle precedenti smerigliatrici angolari Hilti, grazie alla combinazione di motore brushless e rivoluzionarie batterie Nuron<\/li>\n<li>Adatta per acciaio inossidabile: controllo preciso della velocit\u00e0 da 3400 a 7600 giri\/min, in modo da poter utilizzare la stessa smerigliatrice per l&#8217;asportazione di materiale grezzo e la finitura precisa della superficie<\/li>\n<li>Impugnatura pi\u00f9 confortevole: impugnatura sottile e sagomata con interruttore di blocco per un migliore controllo in qualsiasi posizione di lavoro<\/li>\n<li>Caratteristiche di sicurezza avanzate: regolazione attiva della coppia (ATC) per una maggiore protezione dai contraccolpi della smerigliatrice angolare se il disco si blocca<\/li>\n<\/ul>\n<\/div>\n<p><\/p>\n<div class=\"column\"><\/p>\n<div class=\"a-heading-h3\"><strong>Applicazioni<\/strong><\/div>\n<p><\/p>\n<ul class=\"a-list a-list-unordered a-color-black \"> <\/p>\n<li>Taglio e smerigliatura di acciaio, acciaio inox e altri metalli<\/li>\n<li>Eliminazione di sbavature e lucidatura dei metalli<\/li>\n<li>Taglio e smerigliatura di calcestruzzo, muratura e pietra<\/li>\n<li>Taglio di piastrelle (necessari dischi diamantati a segmento continuo)<\/li>\n<\/ul>\n<\/div>\n","protected":false},"excerpt":{"rendered":"<p>Contenuto: 1x Corpo macchina + 1x Valigetta + 1x Flangia + 1x Maniglia laterale + 1x Copertura di sicurezza +1x Clip on front coverVoltaggio nominale: 21.6 VDiametro disco:\u00a0125 mmProfondit\u00e0 di taglio max: 34 mm<\/p>\n","protected":false},"featured_media":20069,"template":"","meta":{"_acf_changed":false},"product_cat":[],"product_tag":[],"acf":[],"jetpack_sharing_enabled":true,"_links":{"self":[{"href":"https:\/\/store.technoriunite.it\/en\/wp-json\/wp\/v2\/product\/20073"}],"collection":[{"href":"https:\/\/store.technoriunite.it\/en\/wp-json\/wp\/v2\/product"}],"about":[{"href":"https:\/\/store.technoriunite.it\/en\/wp-json\/wp\/v2\/types\/product"}],"version-history":[{"count":0,"href":"https:\/\/store.technoriunite.it\/en\/wp-json\/wp\/v2\/product\/20073\/revisions"}],"wp:featuredmedia":[{"embeddable":true,"href":"https:\/\/store.technoriunite.it\/en\/wp-json\/wp\/v2\/media\/20069"}],"wp:attachment":[{"href":"https:\/\/store.technoriunite.it\/en\/wp-json\/wp\/v2\/media?parent=20073"}],"wp:term":[{"taxonomy":"product_cat","embeddable":true,"href":"https:\/\/store.technoriunite.it\/en\/wp-json\/wp\/v2\/product_cat?post=20073"},{"taxonomy":"product_tag","embeddable":true,"href":"https:\/\/store.technoriunite.it\/en\/wp-json\/wp\/v2\/product_tag?post=20073"}],"curies":[{"name":"wp","href":"https:\/\/api.w.org\/{rel}","templated":true}]}}