{"id":18783,"date":"2023-07-24T11:05:38","date_gmt":"2023-07-24T11:05:38","guid":{"rendered":"https:\/\/store.technoriunite.it\/?product=tirante-per-livellatore-trasparente-progress-profiles-1000pcs"},"modified":"2024-04-17T09:47:59","modified_gmt":"2024-04-17T09:47:59","slug":"tirante-per-livellatore-trasparente-progress-profiles-1000pcs","status":"publish","type":"product","link":"https:\/\/store.technoriunite.it\/en\/prodotto\/tirante-per-livellatore-trasparente-progress-profiles-1000pcs\/","title":{"rendered":"Tiranti Proleveling System 1000pcs Progress Profiles"},"content":{"rendered":"<p><strong>Tirante universale<\/strong> per sistema di posa pavimenti con livellatori Proleveling System di Progress Profile. Confezione da<strong> 1000 pezzi<\/strong>\u00a0a scelta tra<strong>\u00a0blu e trasparente<\/strong>.<br \/>Proleveling System\u00a0\u00e8\u00a0un sistema rivoluzionario ed innovativo di livellamento nella posa di materiali di medio e grande formato di spessore compreso tra 2 e 40 mm. Il sistema brevettato \u00e8 composto da 2 elementi: \u2013 Una base livellatore (da 1-2-3-5 mm) con rilievi distanziali che permettono di distanziare\/separare\/ accostare pavimenti di qualsiasi genere e materiale in modo: lineare, a croce e a mezza croce con fughe a scelta da 1 mm, 2 mm, 3mm e 5 mm. \u2013 Uno stelo filettato centralmente fissato ortogonalmente\/ perpendicolarmente alla base con diversi punti a rottura facilitata permette, alla manopola (tirante) di serraggio di regolare la pressione esercitata sulla superficie e di livellare la pavimentazione e\/o rivestimento in modo uniforme. Al termine della posa e del periodo necessario per l\u2019aggrappaggio\/incollaggio con il pavimento\/rivestimento \u00e8 sufficiente calciare il Tirante nella direzione della fuga. Il tirante \u00e8 unico per tutte le altezze e modelli ed \u00e8 riutilizzabile infinite volte. Il nuovo sistema PPLS (brevettato) ha lo scopo di evitare la formazione di dislivelli, \u201cdenti\u2019\u2019, tra le lastre\/formati di ceramica, marmo, pietre naturali, bassi spessori slim per una perfetta planarit\u00e0 del Pavimento e\/o Rivestimento.<br \/>&nbsp;<\/p>\n","protected":false},"excerpt":{"rendered":"<p>Confezione: 1000 pezziSistema: Proleveling SystemMarca: Progress Profiles<\/p>\n","protected":false},"featured_media":18779,"template":"","meta":{"_acf_changed":false},"product_cat":[132],"product_tag":[],"acf":[],"jetpack_sharing_enabled":true,"_links":{"self":[{"href":"https:\/\/store.technoriunite.it\/en\/wp-json\/wp\/v2\/product\/18783"}],"collection":[{"href":"https:\/\/store.technoriunite.it\/en\/wp-json\/wp\/v2\/product"}],"about":[{"href":"https:\/\/store.technoriunite.it\/en\/wp-json\/wp\/v2\/types\/product"}],"version-history":[{"count":0,"href":"https:\/\/store.technoriunite.it\/en\/wp-json\/wp\/v2\/product\/18783\/revisions"}],"wp:featuredmedia":[{"embeddable":true,"href":"https:\/\/store.technoriunite.it\/en\/wp-json\/wp\/v2\/media\/18779"}],"wp:attachment":[{"href":"https:\/\/store.technoriunite.it\/en\/wp-json\/wp\/v2\/media?parent=18783"}],"wp:term":[{"taxonomy":"product_cat","embeddable":true,"href":"https:\/\/store.technoriunite.it\/en\/wp-json\/wp\/v2\/product_cat?post=18783"},{"taxonomy":"product_tag","embeddable":true,"href":"https:\/\/store.technoriunite.it\/en\/wp-json\/wp\/v2\/product_tag?post=18783"}],"curies":[{"name":"wp","href":"https:\/\/api.w.org\/{rel}","templated":true}]}}