{"id":18545,"date":"2023-06-05T11:57:20","date_gmt":"2023-06-05T11:57:20","guid":{"rendered":"https:\/\/store.technoriunite.it\/?product=hilti-laser-a-linea-verde-pm-2-lg"},"modified":"2024-04-15T12:21:25","modified_gmt":"2024-04-15T12:21:25","slug":"hilti-laser-a-linea-verde-pm-2-lg","status":"publish","type":"product","link":"https:\/\/store.technoriunite.it\/en\/prodotto\/hilti-laser-a-linea-verde-pm-2-lg\/","title":{"rendered":"Laser a linea verde PM 2-LG Hilti"},"content":{"rendered":"<div class=\"column\"><\/p>\n<div class=\"a-heading-h3\"><strong>Caratteristiche<\/strong><\/div>\n<p><\/p>\n<ul class=\"a-list a-list-unordered a-color-black \"> <\/p>\n<li>Migliore visibilit\u00e0 per una maggiore produttivit\u00e0: i laser a linea verde offrono un raggio 4 volte pi\u00f9 facile da vedere in ambienti interni rispetto ai laser rossi, consentendo di lavorare su distanze molto pi\u00f9 lunghe senza doversi fermare per riposizionare il laser.<\/li>\n<li>Estrema facilit\u00e0 d&#8217;uso: un solo pulsante per alternare linee verticali\/orizzontali\/incrociate, un solo pulsante per attivare il ricevitore<\/li>\n<li>Modalit\u00e0 pendenza: \u00e8 possibile bloccare il pendolo autolivellante in modo da poter utilizzare questo laser linea per linee rette con qualsiasi angolo (si consiglia la pinza a granchio PMA 93 opzionale)<\/li>\n<li>Design pratico e durevole: alloggiamento compatto con paraurti in gomma per resistere meglio alle condizioni del cantiere e laser di Classe 2 che non richiede particolari misure precauzionali per l&#8217;utilizzo<\/li>\n<li>Avviso di batteria scarica: per evitare tempi di inattivit\u00e0 imprevisti, \u00e8 possibile sapere in anticipo quando il laser linea ha bisogno di nuove batterie<\/li>\n<\/ul>\n<\/div>\n<p><\/p>\n<div class=\"column\"><\/p>\n<div class=\"a-heading-h3\"><strong>Applicazioni<\/strong><\/div>\n<p><\/p>\n<ul class=\"a-list a-list-unordered a-color-black \"> <\/p>\n<li>Allineamento di guide per cartongesso<\/li>\n<li>Livellamento di controsoffitti<\/li>\n<li>Livellamento e allineamento di tubi e cavi<\/li>\n<li>Livellamento e allineamento di porte e finestre<\/li>\n<li>Trasferimento di altezze<\/li>\n<\/ul>\n<\/div>\n","protected":false},"excerpt":{"rendered":"<p>Contenuto: 1x Linea laser + 4x Batteria AA + 1x Borsone per attrezziPrecisione:\u00a0 \u00b13 mm a 10 mmDistanza operativa max. (diametro):\u00a0 40 m (Linee), 100 m (Linee, con ricevitore)Tempo di funzionamento massimo:\u00a0 8 h\u00a0\u00a0<\/p>\n","protected":false},"featured_media":18535,"template":"","meta":{"_acf_changed":false},"product_cat":[],"product_tag":[],"acf":[],"jetpack_sharing_enabled":true,"_links":{"self":[{"href":"https:\/\/store.technoriunite.it\/en\/wp-json\/wp\/v2\/product\/18545"}],"collection":[{"href":"https:\/\/store.technoriunite.it\/en\/wp-json\/wp\/v2\/product"}],"about":[{"href":"https:\/\/store.technoriunite.it\/en\/wp-json\/wp\/v2\/types\/product"}],"version-history":[{"count":0,"href":"https:\/\/store.technoriunite.it\/en\/wp-json\/wp\/v2\/product\/18545\/revisions"}],"wp:featuredmedia":[{"embeddable":true,"href":"https:\/\/store.technoriunite.it\/en\/wp-json\/wp\/v2\/media\/18535"}],"wp:attachment":[{"href":"https:\/\/store.technoriunite.it\/en\/wp-json\/wp\/v2\/media?parent=18545"}],"wp:term":[{"taxonomy":"product_cat","embeddable":true,"href":"https:\/\/store.technoriunite.it\/en\/wp-json\/wp\/v2\/product_cat?post=18545"},{"taxonomy":"product_tag","embeddable":true,"href":"https:\/\/store.technoriunite.it\/en\/wp-json\/wp\/v2\/product_tag?post=18545"}],"curies":[{"name":"wp","href":"https:\/\/api.w.org\/{rel}","templated":true}]}}