{"id":18321,"date":"2023-05-23T11:40:04","date_gmt":"2023-05-23T11:40:04","guid":{"rendered":"https:\/\/store.technoriunite.it\/?product=hilti-perforatore-a-batteria-te-4-22"},"modified":"2024-02-08T15:08:31","modified_gmt":"2024-02-08T15:08:31","slug":"hilti-perforatore-a-batteria-te-4-22","status":"publish","type":"product","link":"https:\/\/store.technoriunite.it\/en\/prodotto\/hilti-perforatore-a-batteria-te-4-22\/","title":{"rendered":"Perforatore a batteria TE 4-22 con valigetta Hilti"},"content":{"rendered":"<div class=\"column\"><\/p>\n<div class=\"a-heading-h3\"><strong>Caratteristiche<\/strong><\/div>\n<p><\/p>\n<ul class=\"a-list a-list-unordered a-color-black \"> <\/p>\n<li>Compatto ma altamente capace: il miglior equilibrio tra rapporto peso-potenza, velocit\u00e0 di foratura e lavoro per carica rispetto a qualsiasi altro trapano perforatore Hilti SDS Plus<\/li>\n<li>Foratura pi\u00f9 veloce: completate l&#8217;installazione pi\u00f9 rapidamente grazie al 20% in pi\u00f9 di potenza del nuovo motore brushless e alle rivoluzionarie batterie Nuron<\/li>\n<li>Maggiore comfort: il peso ridotto, le impugnature ridisegnate, l&#8217;illuminazione a LED e il miglior bilanciamento rendono perforatore a batteria TE 4-22 particolarmente maneggevole quando si fora sopratesta<\/li>\n<li>Funzionalit\u00e0 di sicurezza complete: include la regolazione attiva della coppia (ATC) per una migliore protezione dalla rotazione incontrollabile se la punta si blocca e il sistema di riduzione delle vibrazioni (AVR) per una maggiore protezione dalle vibrazioni.<\/li>\n<li>Sulla piattaforma della batteria Nuron &#8211; attrezzi cordless senza compromessi grazie a batterie di pi\u00f9 lunga durata, punte a risparmio energetico e una gamma di servizi per mantenere la vostra produttivit\u00e0, oggi e domani<\/li>\n<\/ul>\n<\/div>\n<p><\/p>\n<div class=\"column\"><\/p>\n<div class=\"a-heading-h3\"><strong>Applicazioni<\/strong><\/div>\n<p><\/p>\n<ul class=\"a-list a-list-unordered a-color-black \"> <\/p>\n<li>Foratura e perforazione a percussione in calcestruzzo e muratura<\/li>\n<li>Foratura sopraelevata nel calcestruzzo, ad esempio per appendere tubi e canaline, installazioni MEP e soffitti sospesi<\/li>\n<li>Foratura praticamente priva di polvere (\u00e8 necessario il sistema di rimozione della polvere a bordo TE DRS-4\/6 o il connettore dell&#8217;aspiratore TE DRS-C)<\/li>\n<li>Inserimento di ancoraggi e tasselli compatti nel calcestruzzo (con porta-inserti e attrezzo di posa TE-C opzionali)<\/li>\n<li>Foratura conforme alla Tabella 1 dell&#8217;OSHA 1925.1153, praticamente priva di polvere (\u00e8 necessario il sistema di rimozione della polvere a bordo TE DRS-4\/6 o il connettore per l&#8217;aspiratore TE DRS-C)<\/li>\n<\/ul>\n<\/div>\n","protected":false},"excerpt":{"rendered":"<p>Contenuto: 1x Corpo macchina + 1x ValigettaPeso: 2.45 kgGamma di perforazione a percussione ottimale:\u00a04 &#8211; 14 mmGamma di diametri di perforazione a percussione:\u00a04 &#8211; 28 mm<\/p>\n","protected":false},"featured_media":18309,"template":"","meta":{"_acf_changed":false},"product_cat":[169,261],"product_tag":[],"acf":[],"jetpack_sharing_enabled":true,"_links":{"self":[{"href":"https:\/\/store.technoriunite.it\/en\/wp-json\/wp\/v2\/product\/18321"}],"collection":[{"href":"https:\/\/store.technoriunite.it\/en\/wp-json\/wp\/v2\/product"}],"about":[{"href":"https:\/\/store.technoriunite.it\/en\/wp-json\/wp\/v2\/types\/product"}],"version-history":[{"count":0,"href":"https:\/\/store.technoriunite.it\/en\/wp-json\/wp\/v2\/product\/18321\/revisions"}],"wp:featuredmedia":[{"embeddable":true,"href":"https:\/\/store.technoriunite.it\/en\/wp-json\/wp\/v2\/media\/18309"}],"wp:attachment":[{"href":"https:\/\/store.technoriunite.it\/en\/wp-json\/wp\/v2\/media?parent=18321"}],"wp:term":[{"taxonomy":"product_cat","embeddable":true,"href":"https:\/\/store.technoriunite.it\/en\/wp-json\/wp\/v2\/product_cat?post=18321"},{"taxonomy":"product_tag","embeddable":true,"href":"https:\/\/store.technoriunite.it\/en\/wp-json\/wp\/v2\/product_tag?post=18321"}],"curies":[{"name":"wp","href":"https:\/\/api.w.org\/{rel}","templated":true}]}}