{"id":18299,"date":"2023-05-23T10:47:00","date_gmt":"2023-05-23T10:47:00","guid":{"rendered":"https:\/\/store.technoriunite.it\/?product=hilti-dispenser-a-batteria-hde-500-22"},"modified":"2024-02-08T16:01:23","modified_gmt":"2024-02-08T16:01:23","slug":"hilti-dispenser-a-batteria-hde-500-22","status":"publish","type":"product","link":"https:\/\/store.technoriunite.it\/en\/prodotto\/hilti-dispenser-a-batteria-hde-500-22\/","title":{"rendered":"Dosatore di ancorante chimico a batteria HDE 500-22 Hilti"},"content":{"rendered":"<div class=\"column\"><\/p>\n<div class=\"a-heading-h3\"><strong>Caratteristiche<\/strong><\/div>\n<p><\/p>\n<ul class=\"a-list a-list-unordered a-color-black \"> <\/p>\n<li>Ancoraggio pi\u00f9 rapido: i dispenser di adesivo cordless sono un ottimo modo per risparmiare tempo, sprechi e pulizie per ogni barra inserita<\/li>\n<li>Riduzione significativa degli sprechi di malta: la rotella di dosaggio e le raccomandazioni di dosaggio dell&#8217;App Hilti Volume Calculator sono ora in grado di garantire una precisione millimetrica<\/li>\n<li>Migliora la sicurezza e l&#8217;affidabilit\u00e0 dei chiodi: gli indicatori a LED forniscono un feedback in tempo reale per confermare che la malta \u00e8 stata erogata correttamente o se la cartuccia \u00e8 quasi esaurita<\/li>\n<li>Funzioni di ripetizione e ripresa: la memoria intelligente consente di erogare facilmente la stessa quantit\u00e0 di malta ogni volta che si preme il grilletto, o di terminare un foro se interrotto dalla sostituzione della cartuccia<\/li>\n<li>Sulla piattaforma della batteria Nuron &#8211; attrezzi cordless senza compromessi grazie a batterie di pi\u00f9 lunga durata, accessori salvatempo e una gamma di servizi per mantenere la vostra produttivit\u00e0, oggi e domani<\/li>\n<\/ul>\n<\/div>\n<p><\/p>\n<div class=\"column\"><\/p>\n<div class=\"a-heading-h3\"><strong>Applicazioni<\/strong><\/div>\n<p><\/p>\n<ul class=\"a-list a-list-unordered a-color-black \"> <\/p>\n<li>Iniezione di resina chimica o epossidica Hilti HIT per il fissaggio di barre filettate e ferri di armatura su calcestruzzo e muratura.<\/li>\n<li>Erogazione di schiume intumescenti Hilti (solo se confezionate in pacchetti di fogli morbidi compatibili)<\/li>\n<\/ul>\n<p><img fetchpriority=\"high\" decoding=\"async\" class=\"\" src=\"https:\/\/www.hilti.it\/medias\/sys_master\/images\/h06\/h69\/9718642933790.jpg\" alt=\"Immagine 5 di 5: Dispenser a batteria HDE 500-22 Dosatore di ancorante chimico ibrido\/epossidico alimentato a batteria con funzioni intelligenti per aumentare la velocit\u00e0, la sicurezza e ridurre gli scarti (piattaforma a batteria Nuron) Applicazioni 1\" width=\"424\" height=\"191\" \/><\/div>\n","protected":false},"excerpt":{"rendered":"<p>Contenuto: 1x Corpo macchina + 1x Cassetta 500ml rosso + 1x Cassetta 500ml neroTipo batteria:\u00a022 VDimensioni (LxPxH):\u00a0440 x 120 x 230 mmTipo di dispenser:\u00a0Batteria<\/p>\n","protected":false},"featured_media":18291,"template":"","meta":{"_acf_changed":false},"product_cat":[169,271,261],"product_tag":[],"acf":[],"jetpack_sharing_enabled":true,"_links":{"self":[{"href":"https:\/\/store.technoriunite.it\/en\/wp-json\/wp\/v2\/product\/18299"}],"collection":[{"href":"https:\/\/store.technoriunite.it\/en\/wp-json\/wp\/v2\/product"}],"about":[{"href":"https:\/\/store.technoriunite.it\/en\/wp-json\/wp\/v2\/types\/product"}],"version-history":[{"count":0,"href":"https:\/\/store.technoriunite.it\/en\/wp-json\/wp\/v2\/product\/18299\/revisions"}],"wp:featuredmedia":[{"embeddable":true,"href":"https:\/\/store.technoriunite.it\/en\/wp-json\/wp\/v2\/media\/18291"}],"wp:attachment":[{"href":"https:\/\/store.technoriunite.it\/en\/wp-json\/wp\/v2\/media?parent=18299"}],"wp:term":[{"taxonomy":"product_cat","embeddable":true,"href":"https:\/\/store.technoriunite.it\/en\/wp-json\/wp\/v2\/product_cat?post=18299"},{"taxonomy":"product_tag","embeddable":true,"href":"https:\/\/store.technoriunite.it\/en\/wp-json\/wp\/v2\/product_tag?post=18299"}],"curies":[{"name":"wp","href":"https:\/\/api.w.org\/{rel}","templated":true}]}}