{"id":18171,"date":"2023-04-26T16:06:19","date_gmt":"2023-04-26T16:06:19","guid":{"rendered":"https:\/\/store.technoriunite.it\/?product=basi-per-cuneo-15-hd-raimondi"},"modified":"2024-03-15T15:08:52","modified_gmt":"2024-03-15T15:08:52","slug":"basi-per-cuneo-15-hd-raimondi","status":"publish","type":"product","link":"https:\/\/store.technoriunite.it\/en\/prodotto\/basi-per-cuneo-15-hd-raimondi\/","title":{"rendered":"Basi RLS HD 1,5 mm 2.200pcs Raimondi"},"content":{"rendered":"<h3 class=\"elementor-heading-title elementor-size-default none\">Basi autolivellanti HD Raimondi 1.5mm<\/h3>\n<p>Le basette del Raimondi Levelling System sono gli accessori ideali per una posa di rivestimenti e pavimenti effettuata a regola d&#8217;arte con perfetta planarit\u00e0. Tutte le basi RLS hanno il punto di rottura vicinissimo al piano di appoggio della piastrella (1,2 mm) il che consente l\u2019utilizzo in sicurezza del sistema anche con materiali ultrasottili (3 mm), in quanto anche in questa ipotesi rimangono 1,8 mm di spessore per l\u2019applicazione del sigillante. Le basette sono realizzate con materiale plastico di primissima qualit\u00e0 la cui composizione \u00e8 stata severamente testata per garantire il perfetto equilibrio tra elasticit\u00e0 e resistenza indispensabile per espletare correttamente la funzione per la quale sono state concepite.<\/p>\n","protected":false},"excerpt":{"rendered":"<p>Larghezza fuga realizzabile:\u00a01.5 mmSpessore piastrella: dai 3 ai 12 mmMateriale: plastica di prima scelta\u00a0<\/p>\n","protected":false},"featured_media":18167,"template":"","meta":{"_acf_changed":false},"product_cat":[],"product_tag":[],"acf":[],"jetpack_sharing_enabled":true,"_links":{"self":[{"href":"https:\/\/store.technoriunite.it\/en\/wp-json\/wp\/v2\/product\/18171"}],"collection":[{"href":"https:\/\/store.technoriunite.it\/en\/wp-json\/wp\/v2\/product"}],"about":[{"href":"https:\/\/store.technoriunite.it\/en\/wp-json\/wp\/v2\/types\/product"}],"version-history":[{"count":0,"href":"https:\/\/store.technoriunite.it\/en\/wp-json\/wp\/v2\/product\/18171\/revisions"}],"wp:featuredmedia":[{"embeddable":true,"href":"https:\/\/store.technoriunite.it\/en\/wp-json\/wp\/v2\/media\/18167"}],"wp:attachment":[{"href":"https:\/\/store.technoriunite.it\/en\/wp-json\/wp\/v2\/media?parent=18171"}],"wp:term":[{"taxonomy":"product_cat","embeddable":true,"href":"https:\/\/store.technoriunite.it\/en\/wp-json\/wp\/v2\/product_cat?post=18171"},{"taxonomy":"product_tag","embeddable":true,"href":"https:\/\/store.technoriunite.it\/en\/wp-json\/wp\/v2\/product_tag?post=18171"}],"curies":[{"name":"wp","href":"https:\/\/api.w.org\/{rel}","templated":true}]}}