{"id":16723,"date":"2023-02-09T17:37:18","date_gmt":"2023-02-09T17:37:18","guid":{"rendered":"https:\/\/store.technoriunite.it\/?product=supporto-di-estensione-cavalletto-per-multi-bench-battipav-art-ba-11202"},"modified":"2024-04-16T20:32:06","modified_gmt":"2024-04-16T20:32:06","slug":"supporto-di-estensione-cavalletto-per-multi-bench-battipav-art-ba-11202","status":"publish","type":"product","link":"https:\/\/store.technoriunite.it\/en\/prodotto\/supporto-di-estensione-cavalletto-per-multi-bench-battipav-art-ba-11202\/","title":{"rendered":"Battipav Estensione per banco da lavoro Multi Bench"},"content":{"rendered":"<div id=\"fws_63e529602efbd\" class=\"wpb_row vc_row-fluid vc_row product-details\" data-column-margin=\"default\" data-midnight=\"dark\"><\/p>\n<div class=\"row_col_wrap_12 col span_12 dark left\"><\/p>\n<div class=\"vc_col-sm-12 wpb_column column_container vc_column_container col no-extra-padding\" data-padding-pos=\"all\" data-has-bg-color=\"false\" data-bg-color=\"\" data-bg-opacity=\"1\" data-animation=\"\" data-delay=\"0\"><\/p>\n<div class=\"vc_column-inner\"><\/p>\n<div class=\"wpb_wrapper\"><\/p>\n<div id=\"fws_63e5296030444\" class=\"wpb_row vc_row-fluid vc_row inner_row product-details-item\" data-midnight=\"\" data-column-margin=\"default\"><\/p>\n<div class=\"row_col_wrap_12_inner col span_12 left\"><\/p>\n<div class=\"vc_col-sm-9 wpb_column column_container vc_column_container col child_column no-extra-padding\" data-padding-pos=\"all\" data-has-bg-color=\"false\" data-bg-color=\"\" data-bg-opacity=\"1\" data-animation=\"\" data-delay=\"0\"><\/p>\n<div class=\"vc_column-inner\"><\/p>\n<div class=\"wpb_wrapper\"><\/p>\n<div class=\"wpb_text_column wpb_content_element \"><\/p>\n<div class=\"wpb_wrapper\">Il supporto di estensione cavalletto per <strong>Multi Bench<\/strong> \u00e8 un accessorio progettato per ampliare le funzionalit\u00e0 di un banco da lavoro o di una postazione di lavoro multiuso. Si tratta di una struttura aggiuntiva che pu\u00f2 essere collegata o montata sulla superficie esistente del banco da lavoro.<br \/>Il Kit include 1 cavalletto con gambe pieghevoli, incluso di sistema veloce e compatto per aprire e chiudere le gambe. L\u2019ingombro viene ridotto al minimo.<br \/>Per l\u2019estensione \u00e8 possibile incrementare la lunghezza con il supporto d\u2019estensione. Nel kit inoltre,\u00a0 \u00e8 inclusa una <strong>custodia<\/strong> per un facile trasporto del Multi Bench.<br \/>Compatibile con le altre macchine elettriche Battipav.<\/div>\n<p><img fetchpriority=\"high\" decoding=\"async\" class=\"\" src=\"https:\/\/battipav.com\/wp-content\/uploads\/2021\/08\/11201-BANCO-DI-LAVORO-1500-mm_10_1.77.jpg\" width=\"357\" height=\"201\" \/>\u00a0 \u00a0 \u00a0 \u00a0 \u00a0 \u00a0 \u00a0 \u00a0 \u00a0 \u00a0 \u00a0 \u00a0 \u00a0 \u00a0 \u00a0 \u00a0 \u00a0 \u00a0 \u00a0 \u00a0 <img decoding=\"async\" class=\"\" src=\"https:\/\/battipav.com\/wp-content\/uploads\/2021\/07\/battipav-vip-trasporto-4.jpg\" width=\"287\" height=\"258\" \/><\/div>\n<p><\/div>\n<p><\/div>\n<p><\/div>\n<p><\/div>\n<p><\/div>\n<p><\/div>\n<p><\/div>\n<p><\/div>\n<p><\/div>\n<p><\/div>\n","protected":false},"excerpt":{"rendered":"<p> Cavalletto aggiuntivo per multi bench Permette la sua estensione fino a 3050 x 1525 x h810 mm Pu\u00f2 essere dotato di 8 profili di appoggio\u00a0\u00a0<\/p>\n","protected":false},"featured_media":16715,"template":"","meta":{"_acf_changed":false},"product_cat":[133,146],"product_tag":[],"acf":[],"jetpack_sharing_enabled":true,"_links":{"self":[{"href":"https:\/\/store.technoriunite.it\/en\/wp-json\/wp\/v2\/product\/16723"}],"collection":[{"href":"https:\/\/store.technoriunite.it\/en\/wp-json\/wp\/v2\/product"}],"about":[{"href":"https:\/\/store.technoriunite.it\/en\/wp-json\/wp\/v2\/types\/product"}],"version-history":[{"count":0,"href":"https:\/\/store.technoriunite.it\/en\/wp-json\/wp\/v2\/product\/16723\/revisions"}],"wp:featuredmedia":[{"embeddable":true,"href":"https:\/\/store.technoriunite.it\/en\/wp-json\/wp\/v2\/media\/16715"}],"wp:attachment":[{"href":"https:\/\/store.technoriunite.it\/en\/wp-json\/wp\/v2\/media?parent=16723"}],"wp:term":[{"taxonomy":"product_cat","embeddable":true,"href":"https:\/\/store.technoriunite.it\/en\/wp-json\/wp\/v2\/product_cat?post=16723"},{"taxonomy":"product_tag","embeddable":true,"href":"https:\/\/store.technoriunite.it\/en\/wp-json\/wp\/v2\/product_tag?post=16723"}],"curies":[{"name":"wp","href":"https:\/\/api.w.org\/{rel}","templated":true}]}}