{"id":13867,"date":"2022-08-26T11:14:24","date_gmt":"2022-08-26T11:14:24","guid":{"rendered":"https:\/\/store.technoriunite.it\/?product=aquastop-fix-sigillante-organico-monocomponente-per-la-sigillatura-impermeabile-per-nastri-aquastop-box-6kg-kerakoll"},"modified":"2024-04-19T13:12:15","modified_gmt":"2024-04-19T13:12:15","slug":"aquastop-fix-sigillante-organico-monocomponente-per-la-sigillatura-impermeabile-per-nastri-aquastop-box-6kg-kerakoll","status":"publish","type":"product","link":"https:\/\/store.technoriunite.it\/en\/prodotto\/aquastop-fix-sigillante-organico-monocomponente-per-la-sigillatura-impermeabile-per-nastri-aquastop-box-6kg-kerakoll\/","title":{"rendered":"Aquastop Fix Collante sigillante organico per bandelle Aquastop 120 6Kg Kerakoll"},"content":{"rendered":"<section class=\"container first main\"><\/p>\n<div class=\"product\"><\/p>\n<div class=\"richText excerpt\"><strong>Sigillante organico monocomponente<\/strong> per la sigillatura impermeabile a elevata adesione con i nastri Aquastop nel sistema Laminato No Crack, pronto all\u2019uso, eco\u2011compatibile.<\/div>\n<p><\/p>\n<div class=\"richText\">Aquastop Fix sviluppa un\u2019eleva adesione impermeabile degli accessori Aquastop sulla membrana Aquastop Green per garantire la tenuta idraulica del sistema in tempi brevissimi e la durabilit\u00e0 dell\u2019applicazione agli attacchi basici grazie alle alte resistenze chimiche.<\/div>\n<p>&nbsp;<\/p>\n<ul class=\"ksp\"> <\/p>\n<li>Specifico per la sigillatura impermeabile di Aquastop Green e Aquastop Fabric nei Laminati Kerakoll<\/li>\n<li>Idoneo per la successiva posa con adesivi minerali di piastrelle ceramiche, gr\u00e8s porcellanato, pietre naturali<\/li>\n<li>Idoneo per sigillare su pavimentazioni ceramiche, legno, metalli, materiali plastici<\/li>\n<li>Elevata elasticit\u00e0 e stabilit\u00e0 chimica in ambiente basico<\/li>\n<li>Fuori rischio pioggia in tempi brevissimi (circa 2 ore)<\/li>\n<li>Pronto all\u2019uso, facilmente identificabile (colore verde)<\/li>\n<\/ul>\n<figure class=\"product__rating\"><img decoding=\"async\" src=\"https:\/\/products.kerakoll.com\/yep-repository\/kerakoll\/view\/res\/img\/CC_Rating@2x.png\" alt=\"rating\" width=\"78px\" height=\"100%\" \/>\u00a0 \u00a0 <strong>Rating 5<\/strong><\/figure>\n<p><\/div>\n<p><\/section>\n<section class=\"container fullWidth\"><\/p>\n<div class=\"specs\"><\/p>\n<table style=\"height: 121px;\" width=\"1015\"><\/p>\n<tbody><\/p>\n<tr><\/p>\n<th>Pack<\/th>\n<p><\/p>\n<td>secchio 6 kg<\/td>\n<p><\/tr>\n<p><\/p>\n<tr><\/p>\n<th>Resa<\/th>\n<p><\/p>\n<td>\u2248 0,6 kg\/m corrispondenti a \u2248 0,7 \u2013 1,0 kg\/m<sup>2<\/sup>\u00a0in funzione della geometria delle superfici<\/td>\n<p><\/tr>\n<p><\/p>\n<tr><\/p>\n<th>Conservazione<\/th>\n<p><\/p>\n<td>\u2248 12 mesi<\/td>\n<p><\/tr>\n<p><\/tbody>\n<p><\/table>\n<p><\/div>\n<p><\/section>\n<p>&nbsp;<\/p>\n","protected":false},"excerpt":{"rendered":"<p>Idoneo per la successiva posa con adesivi minerali di piastrelle ceramiche, gr\u00e8s porcellanato, pietre naturaliElevata elasticit\u00e0 e stabilit\u00e0 chimicaResa: \u00a0\u2248 0,6 kg\/m corrispondenti a \u2248 0,7 \u2013 1,0 kg\/m2\u00a0in funzione della geometria delle superfici<\/p>\n","protected":false},"featured_media":13865,"template":"","meta":{"_acf_changed":false},"product_cat":[],"product_tag":[],"acf":[],"jetpack_sharing_enabled":true,"_links":{"self":[{"href":"https:\/\/store.technoriunite.it\/en\/wp-json\/wp\/v2\/product\/13867"}],"collection":[{"href":"https:\/\/store.technoriunite.it\/en\/wp-json\/wp\/v2\/product"}],"about":[{"href":"https:\/\/store.technoriunite.it\/en\/wp-json\/wp\/v2\/types\/product"}],"version-history":[{"count":0,"href":"https:\/\/store.technoriunite.it\/en\/wp-json\/wp\/v2\/product\/13867\/revisions"}],"wp:featuredmedia":[{"embeddable":true,"href":"https:\/\/store.technoriunite.it\/en\/wp-json\/wp\/v2\/media\/13865"}],"wp:attachment":[{"href":"https:\/\/store.technoriunite.it\/en\/wp-json\/wp\/v2\/media?parent=13867"}],"wp:term":[{"taxonomy":"product_cat","embeddable":true,"href":"https:\/\/store.technoriunite.it\/en\/wp-json\/wp\/v2\/product_cat?post=13867"},{"taxonomy":"product_tag","embeddable":true,"href":"https:\/\/store.technoriunite.it\/en\/wp-json\/wp\/v2\/product_tag?post=13867"}],"curies":[{"name":"wp","href":"https:\/\/api.w.org\/{rel}","templated":true}]}}