{"id":13811,"date":"2022-07-21T19:34:24","date_gmt":"2022-07-21T19:34:24","guid":{"rendered":"https:\/\/store.technoriunite.it\/?product=ultracare-epoxy-off-gel-1lt-mapei"},"modified":"2023-10-11T14:07:22","modified_gmt":"2023-10-11T14:07:22","slug":"ultracare-epoxy-off-gel-1lt-mapei","status":"publish","type":"product","link":"https:\/\/store.technoriunite.it\/en\/prodotto\/ultracare-epoxy-off-gel-1lt-mapei\/","title":{"rendered":"Ultracare epoxy off gel 1lt Mapei"},"content":{"rendered":"<h3>Pulitore gel rimozione residui cementizi Mapei UltraCare Epoxy Off Gel<\/h3>\n<p><\/p>\n<h4>Vantaggi:<\/h4>\n<ul>\n<li>Applicazione facile e veloce<\/li>\n<li>Adatto per l&#8217;utilizzo su ceramica\u00a0e mosaico vetroso<\/li>\n<li>La sua formulazione in gel garantisce il contatto del prodotto coi residui epossidici soprattutto su superfici verticali<\/li>\n<\/ul>\n<p>&nbsp;<br \/>UltraCare System \u00e8 il nuovo sistema Mapei. Una raccolta di prodotti per\u00a0pulizia pavimenti\u00a0super professionali. Ogni prodotto offre la perfetta soluzione ad ogni richiesta.<br \/>UltraCare Epoxy Off Gel\u00a0\u00e8 il\u00a0pulitore speciale ad alta viscosit\u00e0\u00a0per\u00a0rimozione residui di stucchi epossidici. Particolarmente\u00a0indicato per superfici verticali. La composizione in gel infatti favorisce il contatto con la superfice ammorbidendo i residui e non intaccando altre aree della parete.<\/p>\n<h4>Applicazione:<\/h4>\n<p>L&#8217;uso corretto del prodotto\u00a0non danneggia n\u00e9 la superfice dei rivestimenti in vetro o ceramica e n\u00e9 le fughe. Il prodotto \u00e8 pronto all&#8217;uso e non necessita di diluizione. Per applicare Epoxy Off Gel \u00e8 necessaria una pennellessa o un rullo e lasciare agire alcuni minuti (generalmente dai 15&#8242; ai 20&#8242; in base al grado di sporco).<br \/>Prima di\u00a0utilizzare UltraCare Epoxy Off Gel\u00a0su materiali di cui non si conosce la resistenza superficiale, effettuare una prova applicativa per verificare che non si danneggi la superficie<br \/>Su residui di stucco fresco la pulizia \u00e8 molto efficace. Se invece bisogna effettuare una\u00a0pulizia stucco asciutto\u00a0completamente o\u00a0residui di stucco\u00a0particolarmente tenaci pu\u00f2 essere necessario lasciare agire il prodotto pi\u00f9 a lungo (fino a 30\u2019) o ripetere l\u2019applicazione. Per applicazioni su pavimentazioni \u00e8 possibile effettuare la pulizia con monospazzola.<\/p>\n","protected":false},"excerpt":{"rendered":"<p> Detergente speciale ad alta viscosit\u00e0 Consistenza: liquido Colore: opalescente Agitare prima dell&#8217;uso Ideale per applicazione verticale Massa volumica: 1,10 g\/cm3 Confezione: 1L pH: 9 Temperatura di applicazione permessa: da 0\u00b0C a +40\u00b0C Tempo di attesa prima del risciacquo: 5 minuti Marca: Mapei\u00a0<\/p>\n","protected":false},"featured_media":13809,"template":"","meta":{"_acf_changed":false},"product_cat":[132],"product_tag":[],"acf":[],"jetpack_sharing_enabled":true,"_links":{"self":[{"href":"https:\/\/store.technoriunite.it\/en\/wp-json\/wp\/v2\/product\/13811"}],"collection":[{"href":"https:\/\/store.technoriunite.it\/en\/wp-json\/wp\/v2\/product"}],"about":[{"href":"https:\/\/store.technoriunite.it\/en\/wp-json\/wp\/v2\/types\/product"}],"version-history":[{"count":0,"href":"https:\/\/store.technoriunite.it\/en\/wp-json\/wp\/v2\/product\/13811\/revisions"}],"wp:featuredmedia":[{"embeddable":true,"href":"https:\/\/store.technoriunite.it\/en\/wp-json\/wp\/v2\/media\/13809"}],"wp:attachment":[{"href":"https:\/\/store.technoriunite.it\/en\/wp-json\/wp\/v2\/media?parent=13811"}],"wp:term":[{"taxonomy":"product_cat","embeddable":true,"href":"https:\/\/store.technoriunite.it\/en\/wp-json\/wp\/v2\/product_cat?post=13811"},{"taxonomy":"product_tag","embeddable":true,"href":"https:\/\/store.technoriunite.it\/en\/wp-json\/wp\/v2\/product_tag?post=13811"}],"curies":[{"name":"wp","href":"https:\/\/api.w.org\/{rel}","templated":true}]}}