{"id":13483,"date":"2022-06-22T17:31:22","date_gmt":"2022-06-22T17:31:22","guid":{"rendered":"https:\/\/store.technoriunite.it\/?product=power-raizor-4590180"},"modified":"2023-11-27T11:25:48","modified_gmt":"2023-11-27T11:25:48","slug":"power-raizor-4590180","status":"publish","type":"product","link":"https:\/\/store.technoriunite.it\/en\/prodotto\/power-raizor-4590180\/","title":{"rendered":"POWER RAIZOR 45\u00b090\u00b0180\u00b0"},"content":{"rendered":"<p>Il <strong>Power Raizor<\/strong> Raimondi \u00e8 un gruppo di taglio ad angolo variabile e presenta le seguenti caratteristiche:<\/p>\n<ul>\n<li>Gruppo di taglio multi-angolo da applicare alla guida di taglio RAIZOR (smerigliatrice angolare non inclusa).<\/li>\n<li>\u00a0Taglia nelle seguenti angolazioni: 45\u00b0 (\u201cjolly\u201d), 90\u00b0 (passante); 180\u00b0 (incisione e\/o sagomatura laterale &#8211; mezzo toro).<br \/>Inoltre pu\u00f2 essere posizionato anche nei seguenti angoli intermedi: 30\u00b0\/47\u00b0\/70\u00b0.<\/li>\n<li>Movimento basculante (a troncatrice) per regolare la profondit\u00e0 di taglio e quindi eseguire scassi, fori quadri e rettangolari nonch\u00e8 tagli in pi\u00f9 passate.<\/li>\n<li>Compatibile con le pi\u00f9 diffuse marche e modelli di smerigliatrici angolari.<\/li>\n<li>Disponibile versione per smerigliatrici con albero passo M14 e versione per albero passo 5\/8\u201d-11.<\/li>\n<li>Utilizzabile a secco (versione standard) o bagnato (in combinazione con il kit per taglio umido e rimozione della polvere).<\/li>\n<li>Spessore di taglio: 20 mm a 90\u00b0; 16 mm a 45\u00b0 e 180\u00b0.<\/li>\n<li>Smerigliatrice angolare e mole diamantate non incluse.<\/li>\n<\/ul>\n","protected":false},"excerpt":{"rendered":"<p>\u00a0 Taglio utile: spessore 20mm a 90 gradi, 16mm a 45 e 180 gradi Composizione: senza smerigliatrice Borsa per il trasporto: no<\/p>\n","protected":false},"featured_media":13481,"template":"","meta":{"_acf_changed":false},"product_cat":[409],"product_tag":[],"acf":[],"jetpack_sharing_enabled":true,"_links":{"self":[{"href":"https:\/\/store.technoriunite.it\/en\/wp-json\/wp\/v2\/product\/13483"}],"collection":[{"href":"https:\/\/store.technoriunite.it\/en\/wp-json\/wp\/v2\/product"}],"about":[{"href":"https:\/\/store.technoriunite.it\/en\/wp-json\/wp\/v2\/types\/product"}],"version-history":[{"count":0,"href":"https:\/\/store.technoriunite.it\/en\/wp-json\/wp\/v2\/product\/13483\/revisions"}],"wp:featuredmedia":[{"embeddable":true,"href":"https:\/\/store.technoriunite.it\/en\/wp-json\/wp\/v2\/media\/13481"}],"wp:attachment":[{"href":"https:\/\/store.technoriunite.it\/en\/wp-json\/wp\/v2\/media?parent=13483"}],"wp:term":[{"taxonomy":"product_cat","embeddable":true,"href":"https:\/\/store.technoriunite.it\/en\/wp-json\/wp\/v2\/product_cat?post=13483"},{"taxonomy":"product_tag","embeddable":true,"href":"https:\/\/store.technoriunite.it\/en\/wp-json\/wp\/v2\/product_tag?post=13483"}],"curies":[{"name":"wp","href":"https:\/\/api.w.org\/{rel}","templated":true}]}}