{"id":13403,"date":"2022-06-22T15:25:39","date_gmt":"2022-06-22T15:25:39","guid":{"rendered":"https:\/\/store.technoriunite.it\/?product=easy-move-mk4-con-traverse-8-ventose-vacum"},"modified":"2024-01-02T17:13:02","modified_gmt":"2024-01-02T17:13:02","slug":"easy-move-mk4-con-traverse-8-ventose-vacum","status":"publish","type":"product","link":"https:\/\/store.technoriunite.it\/en\/prodotto\/easy-move-mk4-con-traverse-8-ventose-vacum\/","title":{"rendered":"EASY MOVE MK4 WITH SUCTION PAD 8 SUCTION CUPS"},"content":{"rendered":"<p><strong>Easy-Move MKIV<\/strong>\u00a0\u00e8 stato riprogettato integralmente per offrire funzionalit\u00e0 e prestazioni nuove. Il peso del kit \u00e8 stato ridotto di oltre il 25% rispetto alle versioni precedenti.<br \/>Equiparaggiato da\u00a0<strong>8 ventose vacuum RV175<\/strong>\u00a0dal copo in alluminio e dotate di serie di vuotometro e di gomma antimacchia, entrambi facilmente sostituibili. Massima sicurezza grazie al vuotometro che segnala costantemente e chiaramente il grado di presa delle ventose. Il sistema a pompa consente di ripristinare\/incrementare il vuoto con qualsiasi momento con ventosa ancora in presa. Lo scorrimento tra i profili principali in alluminio \u00e8 estremamente fluido grazie ai pattini anti-attrito. Tutte le ventose, comprese quelle centrali, possono essere traslate lungo i profili.<br \/>Comprese<strong>\u00a0due traverse telescopiche<\/strong>\u00a0di lunghezza variabile da 90 cm a 160 cm. Corredato di protezione patta ventosa in plastica , manuale uso e manutenzione.<\/p>\n","protected":false},"excerpt":{"rendered":"<p>Profili in alluminio a lunghezza fissa;Corredato di protezioni in plastica per patte ventose, manuale uso e manutenzione.contenutoventose: 8pzmaniglie scorrevoli: 4pz\u00a0<\/p>\n","protected":false},"featured_media":13397,"template":"","meta":{"_acf_changed":false},"product_cat":[133,142],"product_tag":[],"acf":[],"jetpack_sharing_enabled":true,"_links":{"self":[{"href":"https:\/\/store.technoriunite.it\/en\/wp-json\/wp\/v2\/product\/13403"}],"collection":[{"href":"https:\/\/store.technoriunite.it\/en\/wp-json\/wp\/v2\/product"}],"about":[{"href":"https:\/\/store.technoriunite.it\/en\/wp-json\/wp\/v2\/types\/product"}],"version-history":[{"count":0,"href":"https:\/\/store.technoriunite.it\/en\/wp-json\/wp\/v2\/product\/13403\/revisions"}],"wp:featuredmedia":[{"embeddable":true,"href":"https:\/\/store.technoriunite.it\/en\/wp-json\/wp\/v2\/media\/13397"}],"wp:attachment":[{"href":"https:\/\/store.technoriunite.it\/en\/wp-json\/wp\/v2\/media?parent=13403"}],"wp:term":[{"taxonomy":"product_cat","embeddable":true,"href":"https:\/\/store.technoriunite.it\/en\/wp-json\/wp\/v2\/product_cat?post=13403"},{"taxonomy":"product_tag","embeddable":true,"href":"https:\/\/store.technoriunite.it\/en\/wp-json\/wp\/v2\/product_tag?post=13403"}],"curies":[{"name":"wp","href":"https:\/\/api.w.org\/{rel}","templated":true}]}}