{"id":12739,"date":"2021-12-22T12:58:34","date_gmt":"2021-12-22T12:58:34","guid":{"rendered":"https:\/\/store.technoriunite.it\/?product=bioflex"},"modified":"2024-04-08T16:52:57","modified_gmt":"2024-04-08T16:52:57","slug":"bioflex","status":"publish","type":"product","link":"https:\/\/store.technoriunite.it\/en\/prodotto\/bioflex\/","title":{"rendered":"GLUE BIOFLEX GREY TECHNORIUNITE 25kg"},"content":{"rendered":"<p>La <strong>Bioflex Grigia<\/strong> \u00e8 una malta adesiva epossidica bicomponente, prodotta da Kerakoll. \u00c8 caratterizzata dal colore grigio e viene utilizzata per la posa di piastrelle, mosaici e materiali ceramici su diverse superfici. La Bioflex Grigia offre una presa rapida e una <strong>forte adesione<\/strong>, garantendo una <strong>posa sicura<\/strong> e <strong>resistente<\/strong> nel tempo. Essendo un adesivo epossidico, presenta una maggiore resistenza all&#8217;acqua, ai prodotti chimici e alle sollecitazioni meccaniche rispetto agli adesivi cementizi tradizionali. La Bioflex Grigia \u00e8 adatta per applicazioni sia interne che esterne. \u00c8 inoltre caratterizzata da una buona lavorabilit\u00e0 e facilit\u00e0 di applicazione. La Bioflex Grigia \u00e8 una scelta ideale per progetti che richiedono un&#8217;adesione superiore e una maggiore resistenza agli agenti esterni.<br \/>L&#8217;<strong>applicazione<\/strong> della Bioflex Grigia di Kerakoll per la posa di piastrelle comprende la preparazione accurata della superficie, la corretta miscelazione \u00a0seguendo attentamente le istruzioni del produttore, combinando i due componenti per ottenere una miscela omogenea. Stendere successivamente la Bioflex Grigia sulla superficie utilizzando una spatola dentata, assicurandosi di coprire uniformemente l&#8217;area da piastrellare. La spatola dentata determiner\u00e0 lo spessore dell&#8217;adesivo applicato.<br \/>Posizionare le piastrelle sull&#8217;adesivo, premendo leggermente per garantire una buona adesione; Verificare che le piastrelle siano livellate e allineate correttamente.<br \/>Infine dopo una corretta pulizia lasciare asciugare secondo le indicazioni del produttore.<\/p>\n","protected":false},"excerpt":{"rendered":"<p>Mineral adhesive for high-performance bonding, zero vertical slip and long open time of porcelain stoneware, ceramics and natural stone.<\/p>\n<p>With low VOC emissions<br \/>\nWith organic salts<br \/>\nWith pure mineral aggregates<\/p>\n","protected":false},"featured_media":12737,"template":"","meta":{"_acf_changed":false},"product_cat":[132],"product_tag":[],"acf":[],"jetpack_sharing_enabled":true,"_links":{"self":[{"href":"https:\/\/store.technoriunite.it\/en\/wp-json\/wp\/v2\/product\/12739"}],"collection":[{"href":"https:\/\/store.technoriunite.it\/en\/wp-json\/wp\/v2\/product"}],"about":[{"href":"https:\/\/store.technoriunite.it\/en\/wp-json\/wp\/v2\/types\/product"}],"version-history":[{"count":0,"href":"https:\/\/store.technoriunite.it\/en\/wp-json\/wp\/v2\/product\/12739\/revisions"}],"wp:featuredmedia":[{"embeddable":true,"href":"https:\/\/store.technoriunite.it\/en\/wp-json\/wp\/v2\/media\/12737"}],"wp:attachment":[{"href":"https:\/\/store.technoriunite.it\/en\/wp-json\/wp\/v2\/media?parent=12739"}],"wp:term":[{"taxonomy":"product_cat","embeddable":true,"href":"https:\/\/store.technoriunite.it\/en\/wp-json\/wp\/v2\/product_cat?post=12739"},{"taxonomy":"product_tag","embeddable":true,"href":"https:\/\/store.technoriunite.it\/en\/wp-json\/wp\/v2\/product_tag?post=12739"}],"curies":[{"name":"wp","href":"https:\/\/api.w.org\/{rel}","templated":true}]}}