{"id":12719,"date":"2021-12-22T12:58:34","date_gmt":"2021-12-22T12:58:34","guid":{"rendered":"https:\/\/store.technoriunite.it\/?product=nanoflex-no-limits"},"modified":"2024-04-12T08:50:38","modified_gmt":"2024-04-12T08:50:38","slug":"nanoflex-no-limits","status":"publish","type":"product","link":"https:\/\/store.technoriunite.it\/en\/prodotto\/nanoflex-no-limits\/","title":{"rendered":"NANOFLEX NO LIMITA KERAKOLL 20kg"},"content":{"rendered":"<section class=\"container first main\"><\/p>\n<div class=\"product\"><\/p>\n<div class=\"richText excerpt\"><strong>Gel\u2011membrana<\/strong> impermeabile, superadesiva, ultralavorabile, per l\u2019impermeabilizzazione traspirante, antialcalina e cloro\u2011resistente nel Laminato No Limits\u00a0prima della posa a elevata adesione e durabilit\u00e0 con H40\u00a0No Limits.<\/div>\n<p><\/p>\n<div class=\"richText\">Nanoflex\u00a0No Limits\u00a0garantisce sottofondi perfettamente impermeabilizzati nel rivoluzionario Laminato No Limits\u00a0per la sicurezza di una posa perfetta e duratura.<\/div>\n<p><\/p>\n<ul class=\"ksp\"> <\/p>\n<li>Specifico per la posa a Zero Tensioni con H40 No Limits nel rivoluzionario Laminato No Limits<\/li>\n<li>Gel\u2011Technology a idrofobicit\u00e0 totale, elasticit\u00e0 permanente e alta stabilit\u00e0 chimica<\/li>\n<li>Traspirante<\/li>\n<li>Reologia variabile antifatica<\/li>\n<li>Crack Bridging Ability a basse temperature<\/li>\n<li>Idoneo in sovrapposizione<\/li>\n<li>Resa superiore del 30% rispetto ai sistemi bicomponenti<\/li>\n<li>Sacco da 20 kg di carta con maniglia<\/li>\n<\/ul>\n<figure class=\"product__rating\"><img decoding=\"async\" src=\"https:\/\/products.kerakoll.com\/yep-repository\/kerakoll\/view\/res\/img\/CC_Rating@2x.png\" alt=\"rating\" width=\"78px\" height=\"100%\" \/> <strong>Rating 4<\/strong><\/figure>\n<p><\/div>\n<p><\/section>\n<section class=\"container fullWidth\"><\/p>\n<div class=\"specs\"><\/p>\n<table style=\"height: 92px;\" width=\"809\"><\/p>\n<tbody><\/p>\n<tr><\/p>\n<th>Pack<\/th>\n<p><\/p>\n<td>sacco 20 kg<\/td>\n<p><\/tr>\n<p><\/p>\n<tr><\/p>\n<th>Resa<\/th>\n<p><\/p>\n<td>\u2248 1,15 kg\/m<sup>2<\/sup>\u00a0per mm di spessore<\/td>\n<p><\/tr>\n<p><\/p>\n<tr><\/p>\n<th>Conservazione<\/th>\n<p><\/p>\n<td>\u2248 12 mesi<\/td>\n<p><\/tr>\n<p><\/tbody>\n<p><\/table>\n<p><\/div>\n<p><\/section>\n","protected":false},"excerpt":{"rendered":"<p>Waterproofing, super-adhesive, ultra-durable gel-membrane for breathable, anti-alkaline and chlorine-resistant waterproofing in Laminate No Limits before laying with H40 No Limits with high adhesion and durability.<\/p>\n<p>Nanoflex No Limits guarantees perfectly waterproof subfloors in the revolutionary Laminate No Limits for the security of a perfect and long-lasting laying.<br \/>\nTotal breathable hydrophobicity, permanent elasticity, high chemical stability<br \/>\n30% higher yield than two-component systems<\/p>\n","protected":false},"featured_media":12717,"template":"","meta":{"_acf_changed":false},"product_cat":[357,729],"product_tag":[],"acf":[],"jetpack_sharing_enabled":true,"_links":{"self":[{"href":"https:\/\/store.technoriunite.it\/en\/wp-json\/wp\/v2\/product\/12719"}],"collection":[{"href":"https:\/\/store.technoriunite.it\/en\/wp-json\/wp\/v2\/product"}],"about":[{"href":"https:\/\/store.technoriunite.it\/en\/wp-json\/wp\/v2\/types\/product"}],"version-history":[{"count":0,"href":"https:\/\/store.technoriunite.it\/en\/wp-json\/wp\/v2\/product\/12719\/revisions"}],"wp:featuredmedia":[{"embeddable":true,"href":"https:\/\/store.technoriunite.it\/en\/wp-json\/wp\/v2\/media\/12717"}],"wp:attachment":[{"href":"https:\/\/store.technoriunite.it\/en\/wp-json\/wp\/v2\/media?parent=12719"}],"wp:term":[{"taxonomy":"product_cat","embeddable":true,"href":"https:\/\/store.technoriunite.it\/en\/wp-json\/wp\/v2\/product_cat?post=12719"},{"taxonomy":"product_tag","embeddable":true,"href":"https:\/\/store.technoriunite.it\/en\/wp-json\/wp\/v2\/product_tag?post=12719"}],"curies":[{"name":"wp","href":"https:\/\/api.w.org\/{rel}","templated":true}]}}