{"id":12713,"date":"2021-12-22T12:58:34","date_gmt":"2021-12-22T12:58:34","guid":{"rendered":"https:\/\/store.technoriunite.it\/?product=kerdi-koll"},"modified":"2023-11-24T13:14:28","modified_gmt":"2023-11-24T13:14:28","slug":"kerdi-koll","status":"publish","type":"product","link":"https:\/\/store.technoriunite.it\/en\/prodotto\/kerdi-koll\/","title":{"rendered":"KERDI KOLL _ 6KG"},"content":{"rendered":"<p><strong>Applicazione e funzione<\/strong><br \/>Schl\u00fcter-KERDI-COLL-L \u00e8 una colla impermeabilizzante bicomponente composta da una base acrilica liquida priva di solventi e da una polvere reagente a base cementizia.<br \/>Schl\u00fcter-KERDI-COLL-L \u00e8 adatto per incollare ed impermeabilizzare i sormonti tra singoli teli Schl\u00fcter-KERDI.<br \/>In combinazione con le fascette Schl\u00fcterKERDI-KEBA permette di sigillare ed impermeabilizzare le giunzioni tra le guaine Schl\u00fcter-KERDI, Schl\u00fcter-DITRA, Schl\u00fcter DITRA-HEAT-E e tra pannelli Schl\u00fcter KERDI-BOARD, nonch\u00e9 punti di raccordo con profili Schl\u00fcter-BARA e con strutture fisse, realizzando cos\u00ec sistemi certificati di impermeabilizzazione.<br \/>Infatti, i prodotti sopra elencati, accoppiati a Schl\u00fcter-KERDI-COLL-L, hanno ottenuto dagli enti di certificazione competenti la certificazione richiesta in Germania per alcune<br \/>applicazioni specifiche con relativa \u201cabP\u201d e marcatura \u201c\u00dc\u201d.<br \/>Schl\u00fcter-KERDI-COLL-L \u00e8 inoltre uno dei componenti di sistemi certificati ETA (European Technical Assessment) ai sensi della ETAG 022 (impermeabilizzazione accoppiata). I prodotti sopra citati, certificati in abbinamento con Schl\u00fcter-KERDI-COLL-L, vengono contrassegnati con il marchio CE.<br \/><strong>Materiale<\/strong><br \/>Schl\u00fcter-KERDI-COLL-L \u00e8 composto dauna base acrilica liquida priva di solventi (Schl\u00fcter-KERDI-COLL-A), con una densit\u00e0 pari a 1,0 kg\/l e da una polvere reagente a base cementizia (Schl\u00fcter-KERDI-COLL-RL), con una densit\u00e0 pari a 1,2 Kg\/l, che devono essere mescolate insieme per rendere il prodotto lavorabile.<\/p>\n","protected":false},"excerpt":{"rendered":"<p> Tipologia: collante per Schlu\u0308ter-KERDI-KEBA Quantit\u00e0: Confezione Combi-Pack da 4,25 kg (grande) o da 1,85 kg (piccola) 6 kg Tempo di lavorabilita\u0300: a 20\/30 \u00b0C circa 90\/60 minuti Tempo di indurimento: a 20\u00b0C circa 2 ore esposto all\u2019aria &#8211; circa 4 ore sotto Schlu\u0308ter-KERDI-KEBA\u00a0<\/p>\n","protected":false},"featured_media":12711,"template":"","meta":{"_acf_changed":false},"product_cat":[132],"product_tag":[],"acf":[],"jetpack_sharing_enabled":true,"_links":{"self":[{"href":"https:\/\/store.technoriunite.it\/en\/wp-json\/wp\/v2\/product\/12713"}],"collection":[{"href":"https:\/\/store.technoriunite.it\/en\/wp-json\/wp\/v2\/product"}],"about":[{"href":"https:\/\/store.technoriunite.it\/en\/wp-json\/wp\/v2\/types\/product"}],"version-history":[{"count":0,"href":"https:\/\/store.technoriunite.it\/en\/wp-json\/wp\/v2\/product\/12713\/revisions"}],"wp:featuredmedia":[{"embeddable":true,"href":"https:\/\/store.technoriunite.it\/en\/wp-json\/wp\/v2\/media\/12711"}],"wp:attachment":[{"href":"https:\/\/store.technoriunite.it\/en\/wp-json\/wp\/v2\/media?parent=12713"}],"wp:term":[{"taxonomy":"product_cat","embeddable":true,"href":"https:\/\/store.technoriunite.it\/en\/wp-json\/wp\/v2\/product_cat?post=12713"},{"taxonomy":"product_tag","embeddable":true,"href":"https:\/\/store.technoriunite.it\/en\/wp-json\/wp\/v2\/product_tag?post=12713"}],"curies":[{"name":"wp","href":"https:\/\/api.w.org\/{rel}","templated":true}]}}