{"id":12707,"date":"2021-12-22T12:58:34","date_gmt":"2021-12-22T12:58:34","guid":{"rendered":"https:\/\/store.technoriunite.it\/?product=kerdi-keba-150-30ml"},"modified":"2023-10-24T20:02:35","modified_gmt":"2023-10-24T20:02:35","slug":"kerdi-keba-150-30ml","status":"publish","type":"product","link":"https:\/\/store.technoriunite.it\/en\/prodotto\/kerdi-keba-150-30ml\/","title":{"rendered":"KERDI KEBA KEBA 150 _ 30ML"},"content":{"rendered":"<p><strong>Applicazione e funzione<\/strong><br \/>Schl\u00fcter-KERDI \u00e8 una guaina impermeabilizzante in polietilene morbido, con capacit\u00e0 di \u201ccrack bridging\u201d (ponte sulle crepe), provvista su entrambi i lati di uno speciale tessuto feltrato che ne garantisce la presa con il collante.<br \/>La grafica centimetrata facilita il taglio su misura della guaina KERDI in cantiere. Sul bordo \u00e8 indicato il quantitativo di materiale rimasto sul rotolo e viene evidenziato lo spazio minimo consigliato per l\u2019eventuale sormonto dei teli che \u00e8 di 5 cm.<br \/>La guaina KERDI \u00e8 stata concepita come sistema d\u2019impermeabilizzazione da installare direttamente sotto al pavimento o rivestimento in ceramica o pietra naturale.<br \/>\u00c8 conforme alla normativa tedesca sulle impermeabilizzazioni DIN 18531, DIN 18534 e DIN 18535. Classi di esposizione all&#8217;acqua secondo la norma DIN 18534: da W0-I aW3-I. Schl\u00fcter-KERDI ha inoltre un certificato di collaudo generale per l&#8217;edilizia (abP).<br \/>Gli impieghi concessi secondo la certificazione ZDB sono 0 \u2013 B0 oltre A, B e C.<br \/>Il sistema KERDI ha ottenuto la certificazione ETA (European Technical Assessment) ai sensi della ETAG 022 (impermeabilizzazione in abbinamento ad altri materiali) con assegnazione del marchio CE.<br \/>La guaina va incollata direttamente su un supporto planare con un collante adatto allo stesso. Successivamente il rivestimento in ceramica viene posato sulla guaina KERDI con un collante idoneo al rivestimento stesso. E\u2019 possibile posare sulla guaina anche altri materiali di copertura, come ad esempio pietre naturali, materiali spatolabili o intonaci (previa valutazione d\u2019idoneit\u00e0).<br \/>Schl\u00fcter-KERDI-DS \u00e8 una guaina d\u2019impermeabilizzazione che funge anche da barriera vapore sotto rivestimenti ceramici.<br \/>Adatta per zone ove sia presente un\u2019alta concentrazione d\u2019umidit\u00e0 come ad esempio in piscine e SPA ed ambienti industriali con elevata concentrazione di umidit\u00e0 nell&#8217;aria.<br \/>La realizzazione di una barriera vapore pu\u00f2 essere indicata anche in presenza di sottofondi sensibili all&#8217;umidit\u00e0 come nel caso del legno, del cartongesso e degli intonaci a base di gesso.<br \/>A completamento del sistema di impermeabilizzazione KERDI sono disponibili pezzi speciali quali: angoli interni, angoli esterni e tasselli di tenuta Schl\u00fcter-KERDI-KM o -KERDI-MV. Per installazioni nelle quali siano presenti delle tubazioni passanti nella superficie impermeabilizzata e nel caso in cui debba essere montata successivamente la prolunga di un rubinetto, sono disponibili i set Schl\u00fcter-KERDI-PAS composti da tassello di tenuta KERDI MV e uno speciale manicotto in plastica per la fase di montaggio. Per impermeabilizzare le giunzioni o i raccordi, \u00e8 disponibile la fascetta<br \/>con elevata elasticit\u00e0 impermeabilizzante Schl\u00fcter-KERDI-KEBA, nelle larghezze da 8,5\/12,5\/15\/18,5\/25 cm.<br \/>Per garantire un\u2019impermeabilizzazione in prossimit\u00e0 di giunti perimetrali e di frazionamento soggetti a dilatazioni in fase di esercizio, \u00e8 consigliabile ricorrere alla fascetta con elevata elasticit\u00e0 Schl\u00fcter-KERDI-FLEX, disponibile nelle larghezze di 12,5 cm o 25 cm.<\/p>\n","protected":false},"excerpt":{"rendered":"<p> Concepita : come sistema d\u2019impermeabilizzazione da installare direttamente sotto al pavimento o rivestimento in ceramica o pietra naturale. Tessuto feltrato nei lati garantendo la presa con il collante Funge anche da barriera vapore sotto rivestimenti ceramici\u00a0<\/p>\n","protected":false},"featured_media":12705,"template":"","meta":{"_acf_changed":false},"product_cat":[132],"product_tag":[],"acf":[],"jetpack_sharing_enabled":true,"_links":{"self":[{"href":"https:\/\/store.technoriunite.it\/en\/wp-json\/wp\/v2\/product\/12707"}],"collection":[{"href":"https:\/\/store.technoriunite.it\/en\/wp-json\/wp\/v2\/product"}],"about":[{"href":"https:\/\/store.technoriunite.it\/en\/wp-json\/wp\/v2\/types\/product"}],"version-history":[{"count":0,"href":"https:\/\/store.technoriunite.it\/en\/wp-json\/wp\/v2\/product\/12707\/revisions"}],"wp:featuredmedia":[{"embeddable":true,"href":"https:\/\/store.technoriunite.it\/en\/wp-json\/wp\/v2\/media\/12705"}],"wp:attachment":[{"href":"https:\/\/store.technoriunite.it\/en\/wp-json\/wp\/v2\/media?parent=12707"}],"wp:term":[{"taxonomy":"product_cat","embeddable":true,"href":"https:\/\/store.technoriunite.it\/en\/wp-json\/wp\/v2\/product_cat?post=12707"},{"taxonomy":"product_tag","embeddable":true,"href":"https:\/\/store.technoriunite.it\/en\/wp-json\/wp\/v2\/product_tag?post=12707"}],"curies":[{"name":"wp","href":"https:\/\/api.w.org\/{rel}","templated":true}]}}